{"id":4556,"date":"2021-09-06T10:45:08","date_gmt":"2021-09-06T10:45:08","guid":{"rendered":"https:\/\/inforgfilm.org\/film-classes-media-classes-part-1-5\/"},"modified":"2021-09-15T10:13:45","modified_gmt":"2021-09-15T10:13:45","slug":"film-classes-media-classes-part-1-5","status":"publish","type":"page","link":"https:\/\/inforgfilm.org\/en\/film-classes-media-classes-part-1-5\/","title":{"rendered":"Film Classes, Media Classes Part 1-5."},"content":{"rendered":"\t\t<div data-elementor-type=\"wp-page\" data-elementor-id=\"4556\" class=\"elementor elementor-4556 elementor-3310\" data-elementor-post-type=\"page\">\n\t\t\t\t\t\t<section class=\"elementor-section elementor-top-section elementor-element elementor-element-16198abe elementor-section-full_width elementor-section-height-default elementor-section-height-default\" data-id=\"16198abe\" data-element_type=\"section\" data-e-type=\"section\">\n\t\t\t\t\t\t<div class=\"elementor-container elementor-column-gap-default\">\n\t\t\t\t\t<div class=\"elementor-column elementor-col-100 elementor-top-column elementor-element elementor-element-74ae130b\" data-id=\"74ae130b\" data-element_type=\"column\" data-e-type=\"column\">\n\t\t\t<div class=\"elementor-widget-wrap elementor-element-populated\">\n\t\t\t\t\t\t<div class=\"elementor-element elementor-element-401936ba elementor-widget elementor-widget-image-carousel\" data-id=\"401936ba\" data-element_type=\"widget\" data-e-type=\"widget\" data-settings=\"{&quot;slides_to_show&quot;:&quot;1&quot;,&quot;navigation&quot;:&quot;none&quot;,&quot;effect&quot;:&quot;fade&quot;,&quot;speed&quot;:0,&quot;autoplay_speed&quot;:3000,&quot;autoplay&quot;:&quot;yes&quot;,&quot;pause_on_hover&quot;:&quot;yes&quot;,&quot;pause_on_interaction&quot;:&quot;yes&quot;,&quot;infinite&quot;:&quot;yes&quot;}\" data-widget_type=\"image-carousel.default\">\n\t\t\t\t\t\t\t<div class=\"elementor-image-carousel-wrapper swiper\" role=\"region\" aria-roledescription=\"carousel\" aria-label=\"Image Carousel\" dir=\"ltr\">\n\t\t\t<div class=\"elementor-image-carousel swiper-wrapper swiper-image-stretch\" aria-live=\"off\">\n\t\t\t\t\t\t\t\t<div class=\"swiper-slide\" role=\"group\" aria-roledescription=\"slide\" aria-label=\"1 of 1\"><figure class=\"swiper-slide-inner\"><img decoding=\"async\" class=\"swiper-slide-image\" src=\"https:\/\/inforgfilm.org\/wp-content\/uploads\/oktatas-fejlec.jpg\" alt=\"oktatas fejlec\" \/><\/figure><\/div>\t\t\t<\/div>\n\t\t\t\t\t<\/div>\n\t\t\t\t\t\t<\/div>\n\t\t\t\t\t<\/div>\n\t\t<\/div>\n\t\t\t\t\t<\/div>\n\t\t<\/section>\n\t\t\t\t<section class=\"elementor-section elementor-top-section elementor-element elementor-element-48dacf46 elementor-section-boxed elementor-section-height-default elementor-section-height-default\" data-id=\"48dacf46\" data-element_type=\"section\" data-e-type=\"section\">\n\t\t\t\t\t\t<div class=\"elementor-container elementor-column-gap-default\">\n\t\t\t\t\t<div class=\"elementor-column elementor-col-100 elementor-top-column elementor-element elementor-element-2b19b450\" data-id=\"2b19b450\" data-element_type=\"column\" data-e-type=\"column\">\n\t\t\t<div class=\"elementor-widget-wrap elementor-element-populated\">\n\t\t\t\t\t\t<section class=\"elementor-section elementor-inner-section elementor-element elementor-element-29d358b1 elementor-section-boxed elementor-section-height-default elementor-section-height-default\" data-id=\"29d358b1\" data-element_type=\"section\" data-e-type=\"section\">\n\t\t\t\t\t\t<div class=\"elementor-container elementor-column-gap-default\">\n\t\t\t\t\t<div class=\"elementor-column elementor-col-100 elementor-inner-column elementor-element elementor-element-43dc87e4\" data-id=\"43dc87e4\" data-element_type=\"column\" data-e-type=\"column\">\n\t\t\t<div class=\"elementor-widget-wrap elementor-element-populated\">\n\t\t\t\t\t\t<div class=\"elementor-element elementor-element-7495bd79 elementor-widget elementor-widget-button\" data-id=\"7495bd79\" data-element_type=\"widget\" data-e-type=\"widget\" data-widget_type=\"button.default\">\n\t\t\t\t\t\t\t\t\t\t<a class=\"elementor-button elementor-button-link elementor-size-sm\" href=\"https:\/\/inforgfilm.org\/en\/education\/#dvd\">\n\t\t\t\t\t\t<span class=\"elementor-button-content-wrapper\">\n\t\t\t\t\t\t\t\t\t<span class=\"elementor-button-text\">educational DVDs, CD-ROMs, video cassettes<\/span>\n\t\t\t\t\t<\/span>\n\t\t\t\t\t<\/a>\n\t\t\t\t\t\t\t\t<\/div>\n\t\t\t\t\t<\/div>\n\t\t<\/div>\n\t\t\t\t\t<\/div>\n\t\t<\/section>\n\t\t\t\t<div class=\"elementor-element elementor-element-43df3568 elementor-widget elementor-widget-heading\" data-id=\"43df3568\" data-element_type=\"widget\" data-e-type=\"widget\" data-widget_type=\"heading.default\">\n\t\t\t\t\t<h2 class=\"elementor-heading-title elementor-size-default\">Film Classes, Media Classes Part 1-5 420'<br>Methodology video series<\/h2>\t\t\t\t<\/div>\n\t\t\t\t<div class=\"elementor-element elementor-element-30260760 elementor-widget elementor-widget-image\" data-id=\"30260760\" data-element_type=\"widget\" data-e-type=\"widget\" data-widget_type=\"image.default\">\n\t\t\t\t\t\t\t\t\t\t\t\t\t\t\t<img fetchpriority=\"high\" decoding=\"async\" width=\"1243\" height=\"1211\" src=\"https:\/\/inforgfilm.org\/wp-content\/uploads\/Filmorak.jpg\" class=\"attachment-full size-full wp-image-3175\" alt=\"\" srcset=\"https:\/\/inforgfilm.org\/wp-content\/uploads\/Filmorak.jpg 1243w, https:\/\/inforgfilm.org\/wp-content\/uploads\/Filmorak-300x292.jpg 300w, https:\/\/inforgfilm.org\/wp-content\/uploads\/Filmorak-1024x998.jpg 1024w, https:\/\/inforgfilm.org\/wp-content\/uploads\/Filmorak-768x748.jpg 768w\" sizes=\"(max-width: 1243px) 100vw, 1243px\" \/>\t\t\t\t\t\t\t\t\t\t\t\t\t\t\t<\/div>\n\t\t\t\t<div class=\"elementor-element elementor-element-baa71eb elementor-widget elementor-widget-text-editor\" data-id=\"baa71eb\" data-element_type=\"widget\" data-e-type=\"widget\" data-widget_type=\"text-editor.default\">\n\t\t\t\t\t\t\t\t\t<div class=\"page\" title=\"Page 243\">\n<div class=\"layoutArea\">\n<div class=\"column\">\n<p>editor: Hartai L\u00e1szl\u00f3, Muhi Kl\u00e1ra<br \/>\ndir: HartaiL\u00e1szl\u00f3<br \/>\nDOP: P\u00e1los Gy\u00f6rgy, Muhi Andr\u00e1s<br \/>\nproducer: Muhi Andr\u00e1s<\/p>\n<\/div>\n<\/div>\n<\/div>\n\t\t\t\t\t\t\t\t<\/div>\n\t\t\t\t\t<\/div>\n\t\t<\/div>\n\t\t\t\t\t<\/div>\n\t\t<\/section>\n\t\t\t\t<\/div>\n\t\t","protected":false},"excerpt":{"rendered":"<p>educational DVDs, CD-ROMs, video cassettes Film Classes, Media Classes Part 1-5 420&#8242;Methodology video series editor: Hartai L\u00e1szl\u00f3, Muhi Kl\u00e1ra dir: HartaiL\u00e1szl\u00f3 DOP: P\u00e1los Gy\u00f6rgy, Muhi Andr\u00e1s producer: Muhi Andr\u00e1s<\/p>\n","protected":false},"author":2,"featured_media":0,"parent":0,"menu_order":0,"comment_status":"closed","ping_status":"closed","template":"","meta":{"_acf_changed":false,"footnotes":""},"class_list":["post-4556","page","type-page","status-publish","hentry"],"acf":[],"_links":{"self":[{"href":"https:\/\/inforgfilm.org\/en\/wp-json\/wp\/v2\/pages\/4556","targetHints":{"allow":["GET"]}}],"collection":[{"href":"https:\/\/inforgfilm.org\/en\/wp-json\/wp\/v2\/pages"}],"about":[{"href":"https:\/\/inforgfilm.org\/en\/wp-json\/wp\/v2\/types\/page"}],"author":[{"embeddable":true,"href":"https:\/\/inforgfilm.org\/en\/wp-json\/wp\/v2\/users\/2"}],"replies":[{"embeddable":true,"href":"https:\/\/inforgfilm.org\/en\/wp-json\/wp\/v2\/comments?post=4556"}],"version-history":[{"count":2,"href":"https:\/\/inforgfilm.org\/en\/wp-json\/wp\/v2\/pages\/4556\/revisions"}],"predecessor-version":[{"id":5468,"href":"https:\/\/inforgfilm.org\/en\/wp-json\/wp\/v2\/pages\/4556\/revisions\/5468"}],"wp:attachment":[{"href":"https:\/\/inforgfilm.org\/en\/wp-json\/wp\/v2\/media?parent=4556"}],"curies":[{"name":"wp","href":"https:\/\/api.w.org\/{rel}","templated":true}]}}