{"id":4561,"date":"2021-09-06T10:49:41","date_gmt":"2021-09-06T10:49:41","guid":{"rendered":"https:\/\/inforgfilm.org\/dealer-dvd\/"},"modified":"2021-09-15T10:15:02","modified_gmt":"2021-09-15T10:15:02","slug":"dealer-dvd","status":"publish","type":"page","link":"https:\/\/inforgfilm.org\/en\/dealer-dvd\/","title":{"rendered":"Dealer-DVD"},"content":{"rendered":"\t\t<div data-elementor-type=\"wp-page\" data-elementor-id=\"4561\" class=\"elementor elementor-4561 elementor-3288\" data-elementor-post-type=\"page\">\n\t\t\t\t\t\t<section class=\"elementor-section elementor-top-section elementor-element elementor-element-56bb8059 elementor-section-full_width elementor-section-height-default elementor-section-height-default\" data-id=\"56bb8059\" data-element_type=\"section\" data-e-type=\"section\">\n\t\t\t\t\t\t<div class=\"elementor-container elementor-column-gap-default\">\n\t\t\t\t\t<div class=\"elementor-column elementor-col-100 elementor-top-column elementor-element elementor-element-397407ac\" data-id=\"397407ac\" data-element_type=\"column\" data-e-type=\"column\">\n\t\t\t<div class=\"elementor-widget-wrap elementor-element-populated\">\n\t\t\t\t\t\t<div class=\"elementor-element elementor-element-13428cb5 elementor-widget elementor-widget-image-carousel\" data-id=\"13428cb5\" data-element_type=\"widget\" data-e-type=\"widget\" data-settings=\"{&quot;slides_to_show&quot;:&quot;1&quot;,&quot;navigation&quot;:&quot;none&quot;,&quot;effect&quot;:&quot;fade&quot;,&quot;speed&quot;:0,&quot;autoplay_speed&quot;:3000,&quot;autoplay&quot;:&quot;yes&quot;,&quot;pause_on_hover&quot;:&quot;yes&quot;,&quot;pause_on_interaction&quot;:&quot;yes&quot;,&quot;infinite&quot;:&quot;yes&quot;}\" data-widget_type=\"image-carousel.default\">\n\t\t\t\t\t\t\t<div class=\"elementor-image-carousel-wrapper swiper\" role=\"region\" aria-roledescription=\"carousel\" aria-label=\"Image Carousel\" dir=\"ltr\">\n\t\t\t<div class=\"elementor-image-carousel swiper-wrapper swiper-image-stretch\" aria-live=\"off\">\n\t\t\t\t\t\t\t\t<div class=\"swiper-slide\" role=\"group\" aria-roledescription=\"slide\" aria-label=\"1 of 1\"><figure class=\"swiper-slide-inner\"><img decoding=\"async\" class=\"swiper-slide-image\" src=\"https:\/\/inforgfilm.org\/wp-content\/uploads\/oktatas-fejlec.jpg\" alt=\"oktatas fejlec\" \/><\/figure><\/div>\t\t\t<\/div>\n\t\t\t\t\t<\/div>\n\t\t\t\t\t\t<\/div>\n\t\t\t\t\t<\/div>\n\t\t<\/div>\n\t\t\t\t\t<\/div>\n\t\t<\/section>\n\t\t\t\t<section class=\"elementor-section elementor-top-section elementor-element elementor-element-55e373c8 elementor-section-boxed elementor-section-height-default elementor-section-height-default\" data-id=\"55e373c8\" data-element_type=\"section\" data-e-type=\"section\">\n\t\t\t\t\t\t<div class=\"elementor-container elementor-column-gap-default\">\n\t\t\t\t\t<div class=\"elementor-column elementor-col-100 elementor-top-column elementor-element elementor-element-3dccabd7\" data-id=\"3dccabd7\" data-element_type=\"column\" data-e-type=\"column\">\n\t\t\t<div class=\"elementor-widget-wrap elementor-element-populated\">\n\t\t\t\t\t\t<section class=\"elementor-section elementor-inner-section elementor-element elementor-element-563ab60c elementor-section-boxed elementor-section-height-default elementor-section-height-default\" data-id=\"563ab60c\" data-element_type=\"section\" data-e-type=\"section\">\n\t\t\t\t\t\t<div class=\"elementor-container elementor-column-gap-default\">\n\t\t\t\t\t<div class=\"elementor-column elementor-col-100 elementor-inner-column elementor-element elementor-element-183840e1\" data-id=\"183840e1\" data-element_type=\"column\" data-e-type=\"column\">\n\t\t\t<div class=\"elementor-widget-wrap elementor-element-populated\">\n\t\t\t\t\t\t<div class=\"elementor-element elementor-element-1e972907 elementor-widget elementor-widget-button\" data-id=\"1e972907\" data-element_type=\"widget\" data-e-type=\"widget\" data-widget_type=\"button.default\">\n\t\t\t\t\t\t\t\t\t\t<a class=\"elementor-button elementor-button-link elementor-size-sm\" href=\"https:\/\/inforgfilm.org\/en\/education\/#dvd\">\n\t\t\t\t\t\t<span class=\"elementor-button-content-wrapper\">\n\t\t\t\t\t\t\t\t\t<span class=\"elementor-button-text\">educational DVDs, CD-ROMs, video cassettes<\/span>\n\t\t\t\t\t<\/span>\n\t\t\t\t\t<\/a>\n\t\t\t\t\t\t\t\t<\/div>\n\t\t\t\t<div class=\"elementor-element elementor-element-1de75514 elementor-widget elementor-widget-heading\" data-id=\"1de75514\" data-element_type=\"widget\" data-e-type=\"widget\" data-widget_type=\"heading.default\">\n\t\t\t\t\t<h2 class=\"elementor-heading-title elementor-size-default\">Dealer<br>Motion Picture and Media Education DVD<\/h2>\t\t\t\t<\/div>\n\t\t\t\t<div class=\"elementor-element elementor-element-50d32b82 elementor-widget elementor-widget-image\" data-id=\"50d32b82\" data-element_type=\"widget\" data-e-type=\"widget\" data-widget_type=\"image.default\">\n\t\t\t\t\t\t\t\t\t\t\t\t\t\t\t<img fetchpriority=\"high\" decoding=\"async\" width=\"438\" height=\"436\" src=\"https:\/\/inforgfilm.org\/wp-content\/uploads\/oktato-es-ism-dvd-Dealer.jpg\" class=\"attachment-full size-full wp-image-2626\" alt=\"\" srcset=\"https:\/\/inforgfilm.org\/wp-content\/uploads\/oktato-es-ism-dvd-Dealer.jpg 438w, https:\/\/inforgfilm.org\/wp-content\/uploads\/oktato-es-ism-dvd-Dealer-300x300.jpg 300w, https:\/\/inforgfilm.org\/wp-content\/uploads\/oktato-es-ism-dvd-Dealer-150x150.jpg 150w\" sizes=\"(max-width: 438px) 100vw, 438px\" \/>\t\t\t\t\t\t\t\t\t\t\t\t\t\t\t<\/div>\n\t\t\t\t<div class=\"elementor-element elementor-element-77a94a04 elementor-widget elementor-widget-text-editor\" data-id=\"77a94a04\" data-element_type=\"widget\" data-e-type=\"widget\" data-widget_type=\"text-editor.default\">\n\t\t\t\t\t\t\t\t\t<div class=\"page\" title=\"Page 243\">\n<div class=\"layoutArea\">\n<div class=\"column\">\n<p>dir: Fliegauf Benedek<br \/>\neditor: Muhi Kl\u00e1ra<br \/>\nreporter: Horeczky Krisztina<br \/>\ned: Szemenyei B\u00e1lint Zsolt<br \/>\nco-producer: Havas \u00c1gi<br \/>\nproducer: Muhi Andr\u00e1s<\/p>\n<\/div>\n<\/div>\n<\/div>\n\t\t\t\t\t\t\t\t<\/div>\n\t\t\t\t\t<\/div>\n\t\t<\/div>\n\t\t\t\t\t<\/div>\n\t\t<\/section>\n\t\t\t\t\t<\/div>\n\t\t<\/div>\n\t\t\t\t\t<\/div>\n\t\t<\/section>\n\t\t\t\t<\/div>\n\t\t","protected":false},"excerpt":{"rendered":"<p>educational DVDs, CD-ROMs, video cassettes DealerMotion Picture and Media Education DVD dir: Fliegauf Benedek editor: Muhi Kl\u00e1ra reporter: Horeczky Krisztina ed: Szemenyei B\u00e1lint Zsolt co-producer: Havas \u00c1gi producer: Muhi Andr\u00e1s<\/p>\n","protected":false},"author":2,"featured_media":0,"parent":0,"menu_order":0,"comment_status":"closed","ping_status":"closed","template":"","meta":{"_acf_changed":false,"footnotes":""},"class_list":["post-4561","page","type-page","status-publish","hentry"],"acf":[],"_links":{"self":[{"href":"https:\/\/inforgfilm.org\/en\/wp-json\/wp\/v2\/pages\/4561","targetHints":{"allow":["GET"]}}],"collection":[{"href":"https:\/\/inforgfilm.org\/en\/wp-json\/wp\/v2\/pages"}],"about":[{"href":"https:\/\/inforgfilm.org\/en\/wp-json\/wp\/v2\/types\/page"}],"author":[{"embeddable":true,"href":"https:\/\/inforgfilm.org\/en\/wp-json\/wp\/v2\/users\/2"}],"replies":[{"embeddable":true,"href":"https:\/\/inforgfilm.org\/en\/wp-json\/wp\/v2\/comments?post=4561"}],"version-history":[{"count":2,"href":"https:\/\/inforgfilm.org\/en\/wp-json\/wp\/v2\/pages\/4561\/revisions"}],"predecessor-version":[{"id":5472,"href":"https:\/\/inforgfilm.org\/en\/wp-json\/wp\/v2\/pages\/4561\/revisions\/5472"}],"wp:attachment":[{"href":"https:\/\/inforgfilm.org\/en\/wp-json\/wp\/v2\/media?parent=4561"}],"curies":[{"name":"wp","href":"https:\/\/api.w.org\/{rel}","templated":true}]}}