{"id":4563,"date":"2021-09-06T10:50:39","date_gmt":"2021-09-06T10:50:39","guid":{"rendered":"https:\/\/inforgfilm.org\/trekk-cd-rom\/"},"modified":"2021-09-15T10:14:55","modified_gmt":"2021-09-15T10:14:55","slug":"trekk-cd-rom","status":"publish","type":"page","link":"https:\/\/inforgfilm.org\/en\/trekk-cd-rom\/","title":{"rendered":"Trekk CD ROM"},"content":{"rendered":"\t\t<div data-elementor-type=\"wp-page\" data-elementor-id=\"4563\" class=\"elementor elementor-4563 elementor-3295\" data-elementor-post-type=\"page\">\n\t\t\t\t\t\t<section class=\"elementor-section elementor-top-section elementor-element elementor-element-7d890350 elementor-section-full_width elementor-section-height-default elementor-section-height-default\" data-id=\"7d890350\" data-element_type=\"section\" data-e-type=\"section\">\n\t\t\t\t\t\t<div class=\"elementor-container elementor-column-gap-default\">\n\t\t\t\t\t<div class=\"elementor-column elementor-col-100 elementor-top-column elementor-element elementor-element-36c54ed3\" data-id=\"36c54ed3\" data-element_type=\"column\" data-e-type=\"column\">\n\t\t\t<div class=\"elementor-widget-wrap elementor-element-populated\">\n\t\t\t\t\t\t<div class=\"elementor-element elementor-element-1f0dfd2c elementor-widget elementor-widget-image-carousel\" data-id=\"1f0dfd2c\" data-element_type=\"widget\" data-e-type=\"widget\" data-settings=\"{&quot;slides_to_show&quot;:&quot;1&quot;,&quot;navigation&quot;:&quot;none&quot;,&quot;effect&quot;:&quot;fade&quot;,&quot;speed&quot;:0,&quot;autoplay_speed&quot;:3000,&quot;autoplay&quot;:&quot;yes&quot;,&quot;pause_on_hover&quot;:&quot;yes&quot;,&quot;pause_on_interaction&quot;:&quot;yes&quot;,&quot;infinite&quot;:&quot;yes&quot;}\" data-widget_type=\"image-carousel.default\">\n\t\t\t\t\t\t\t<div class=\"elementor-image-carousel-wrapper swiper\" role=\"region\" aria-roledescription=\"carousel\" aria-label=\"Image Carousel\" dir=\"ltr\">\n\t\t\t<div class=\"elementor-image-carousel swiper-wrapper swiper-image-stretch\" aria-live=\"off\">\n\t\t\t\t\t\t\t\t<div class=\"swiper-slide\" role=\"group\" aria-roledescription=\"slide\" aria-label=\"1 of 1\"><figure class=\"swiper-slide-inner\"><img decoding=\"async\" class=\"swiper-slide-image\" src=\"https:\/\/inforgfilm.org\/wp-content\/uploads\/oktatas-fejlec.jpg\" alt=\"oktatas fejlec\" \/><\/figure><\/div>\t\t\t<\/div>\n\t\t\t\t\t<\/div>\n\t\t\t\t\t\t<\/div>\n\t\t\t\t\t<\/div>\n\t\t<\/div>\n\t\t\t\t\t<\/div>\n\t\t<\/section>\n\t\t\t\t<section class=\"elementor-section elementor-top-section elementor-element elementor-element-640985c5 elementor-section-boxed elementor-section-height-default elementor-section-height-default\" data-id=\"640985c5\" data-element_type=\"section\" data-e-type=\"section\">\n\t\t\t\t\t\t<div class=\"elementor-container elementor-column-gap-default\">\n\t\t\t\t\t<div class=\"elementor-column elementor-col-100 elementor-top-column elementor-element elementor-element-35402e4a\" data-id=\"35402e4a\" data-element_type=\"column\" data-e-type=\"column\">\n\t\t\t<div class=\"elementor-widget-wrap elementor-element-populated\">\n\t\t\t\t\t\t<section class=\"elementor-section elementor-inner-section elementor-element elementor-element-28a73204 elementor-section-boxed elementor-section-height-default elementor-section-height-default\" data-id=\"28a73204\" data-element_type=\"section\" data-e-type=\"section\">\n\t\t\t\t\t\t<div class=\"elementor-container elementor-column-gap-default\">\n\t\t\t\t\t<div class=\"elementor-column elementor-col-100 elementor-inner-column elementor-element elementor-element-b907f74\" data-id=\"b907f74\" data-element_type=\"column\" data-e-type=\"column\">\n\t\t\t<div class=\"elementor-widget-wrap elementor-element-populated\">\n\t\t\t\t\t\t<div class=\"elementor-element elementor-element-140c4709 elementor-widget elementor-widget-button\" data-id=\"140c4709\" data-element_type=\"widget\" data-e-type=\"widget\" data-widget_type=\"button.default\">\n\t\t\t\t\t\t\t\t\t\t<a class=\"elementor-button elementor-button-link elementor-size-sm\" href=\"https:\/\/inforgfilm.org\/en\/education\/#dvd\">\n\t\t\t\t\t\t<span class=\"elementor-button-content-wrapper\">\n\t\t\t\t\t\t\t\t\t<span class=\"elementor-button-text\">educational DVDs, CD-ROMs, video cassettes<\/span>\n\t\t\t\t\t<\/span>\n\t\t\t\t\t<\/a>\n\t\t\t\t\t\t\t\t<\/div>\n\t\t\t\t<div class=\"elementor-element elementor-element-6226f179 elementor-widget elementor-widget-heading\" data-id=\"6226f179\" data-element_type=\"widget\" data-e-type=\"widget\" data-widget_type=\"heading.default\">\n\t\t\t\t\t<h2 class=\"elementor-heading-title elementor-size-default\">Trekk CD-ROM<br>Motion Picture and Media Education Workbook<\/h2>\t\t\t\t<\/div>\n\t\t\t\t<div class=\"elementor-element elementor-element-66ba57b4 elementor-widget elementor-widget-image\" data-id=\"66ba57b4\" data-element_type=\"widget\" data-e-type=\"widget\" data-widget_type=\"image.default\">\n\t\t\t\t\t\t\t\t\t\t\t\t\t\t\t<img fetchpriority=\"high\" decoding=\"async\" width=\"1243\" height=\"1211\" src=\"https:\/\/inforgfilm.org\/wp-content\/uploads\/Trekk.jpg\" class=\"attachment-full size-full wp-image-3185\" alt=\"\" srcset=\"https:\/\/inforgfilm.org\/wp-content\/uploads\/Trekk.jpg 1243w, https:\/\/inforgfilm.org\/wp-content\/uploads\/Trekk-300x292.jpg 300w, https:\/\/inforgfilm.org\/wp-content\/uploads\/Trekk-1024x998.jpg 1024w, https:\/\/inforgfilm.org\/wp-content\/uploads\/Trekk-768x748.jpg 768w\" sizes=\"(max-width: 1243px) 100vw, 1243px\" \/>\t\t\t\t\t\t\t\t\t\t\t\t\t\t\t<\/div>\n\t\t\t\t<div class=\"elementor-element elementor-element-691908f4 elementor-widget elementor-widget-text-editor\" data-id=\"691908f4\" data-element_type=\"widget\" data-e-type=\"widget\" data-widget_type=\"text-editor.default\">\n\t\t\t\t\t\t\t\t\t<div class=\"page\" title=\"Page 243\">\n<div class=\"layoutArea\">\n<div class=\"column\">\n<p>writer-editor.: Hartai L\u00e1szl\u00f3, Sz\u00fbcs Tibor<br \/>\nsoftware: Bass L\u00e1szl\u00f3<br \/>\nproducer: Hartai L\u00e1szl\u00f3<\/p>\n<\/div>\n<\/div>\n<\/div>\n\t\t\t\t\t\t\t\t<\/div>\n\t\t\t\t\t<\/div>\n\t\t<\/div>\n\t\t\t\t\t<\/div>\n\t\t<\/section>\n\t\t\t\t\t<\/div>\n\t\t<\/div>\n\t\t\t\t\t<\/div>\n\t\t<\/section>\n\t\t\t\t<\/div>\n\t\t","protected":false},"excerpt":{"rendered":"<p>educational DVDs, CD-ROMs, video cassettes Trekk CD-ROMMotion Picture and Media Education Workbook writer-editor.: Hartai L\u00e1szl\u00f3, Sz\u0171cs Tibor software: Bass L\u00e1szl\u00f3 producer: Hartai L\u00e1szl\u00f3<\/p>\n","protected":false},"author":2,"featured_media":0,"parent":0,"menu_order":0,"comment_status":"closed","ping_status":"closed","template":"","meta":{"_acf_changed":false,"footnotes":""},"class_list":["post-4563","page","type-page","status-publish","hentry"],"acf":[],"_links":{"self":[{"href":"https:\/\/inforgfilm.org\/en\/wp-json\/wp\/v2\/pages\/4563","targetHints":{"allow":["GET"]}}],"collection":[{"href":"https:\/\/inforgfilm.org\/en\/wp-json\/wp\/v2\/pages"}],"about":[{"href":"https:\/\/inforgfilm.org\/en\/wp-json\/wp\/v2\/types\/page"}],"author":[{"embeddable":true,"href":"https:\/\/inforgfilm.org\/en\/wp-json\/wp\/v2\/users\/2"}],"replies":[{"embeddable":true,"href":"https:\/\/inforgfilm.org\/en\/wp-json\/wp\/v2\/comments?post=4563"}],"version-history":[{"count":2,"href":"https:\/\/inforgfilm.org\/en\/wp-json\/wp\/v2\/pages\/4563\/revisions"}],"predecessor-version":[{"id":5471,"href":"https:\/\/inforgfilm.org\/en\/wp-json\/wp\/v2\/pages\/4563\/revisions\/5471"}],"wp:attachment":[{"href":"https:\/\/inforgfilm.org\/en\/wp-json\/wp\/v2\/media?parent=4563"}],"curies":[{"name":"wp","href":"https:\/\/api.w.org\/{rel}","templated":true}]}}