{"id":4579,"date":"2021-09-06T10:58:11","date_gmt":"2021-09-06T10:58:11","guid":{"rendered":"https:\/\/inforgfilm.org\/dictionary-of-film-and-media\/"},"modified":"2021-09-15T14:46:27","modified_gmt":"2021-09-15T14:46:27","slug":"dictionary-of-film-and-media","status":"publish","type":"page","link":"https:\/\/inforgfilm.org\/en\/dictionary-of-film-and-media\/","title":{"rendered":"Dictionary of Film and Media"},"content":{"rendered":"\t\t<div data-elementor-type=\"wp-page\" data-elementor-id=\"4579\" class=\"elementor elementor-4579 elementor-3410\" data-elementor-post-type=\"page\">\n\t\t\t\t\t\t<section class=\"elementor-section elementor-top-section elementor-element elementor-element-11679b2b elementor-section-full_width elementor-section-height-default elementor-section-height-default\" data-id=\"11679b2b\" data-element_type=\"section\" data-e-type=\"section\">\n\t\t\t\t\t\t<div class=\"elementor-container elementor-column-gap-default\">\n\t\t\t\t\t<div class=\"elementor-column elementor-col-100 elementor-top-column elementor-element elementor-element-6bb2b75f\" data-id=\"6bb2b75f\" data-element_type=\"column\" data-e-type=\"column\">\n\t\t\t<div class=\"elementor-widget-wrap elementor-element-populated\">\n\t\t\t\t\t\t<div class=\"elementor-element elementor-element-38645103 elementor-widget elementor-widget-image-carousel\" data-id=\"38645103\" data-element_type=\"widget\" data-e-type=\"widget\" data-settings=\"{&quot;slides_to_show&quot;:&quot;1&quot;,&quot;navigation&quot;:&quot;none&quot;,&quot;effect&quot;:&quot;fade&quot;,&quot;speed&quot;:0,&quot;autoplay_speed&quot;:3000,&quot;autoplay&quot;:&quot;yes&quot;,&quot;pause_on_hover&quot;:&quot;yes&quot;,&quot;pause_on_interaction&quot;:&quot;yes&quot;,&quot;infinite&quot;:&quot;yes&quot;}\" data-widget_type=\"image-carousel.default\">\n\t\t\t\t\t\t\t<div class=\"elementor-image-carousel-wrapper swiper\" role=\"region\" aria-roledescription=\"carousel\" aria-label=\"Image Carousel\" dir=\"ltr\">\n\t\t\t<div class=\"elementor-image-carousel swiper-wrapper swiper-image-stretch\" aria-live=\"off\">\n\t\t\t\t\t\t\t\t<div class=\"swiper-slide\" role=\"group\" aria-roledescription=\"slide\" aria-label=\"1 of 1\"><figure class=\"swiper-slide-inner\"><img decoding=\"async\" class=\"swiper-slide-image\" src=\"https:\/\/inforgfilm.org\/wp-content\/uploads\/oktatas-konyvek-1.jpg\" alt=\"oktatas konyvek (1)\" \/><\/figure><\/div>\t\t\t<\/div>\n\t\t\t\t\t<\/div>\n\t\t\t\t\t\t<\/div>\n\t\t\t\t\t<\/div>\n\t\t<\/div>\n\t\t\t\t\t<\/div>\n\t\t<\/section>\n\t\t\t\t<section class=\"elementor-section elementor-top-section elementor-element elementor-element-3b33b4c9 elementor-section-boxed elementor-section-height-default elementor-section-height-default\" data-id=\"3b33b4c9\" data-element_type=\"section\" data-e-type=\"section\">\n\t\t\t\t\t\t<div class=\"elementor-container elementor-column-gap-default\">\n\t\t\t\t\t<div class=\"elementor-column elementor-col-100 elementor-top-column elementor-element elementor-element-943e9f\" data-id=\"943e9f\" data-element_type=\"column\" data-e-type=\"column\">\n\t\t\t<div class=\"elementor-widget-wrap elementor-element-populated\">\n\t\t\t\t\t\t<section class=\"elementor-section elementor-inner-section elementor-element elementor-element-3ee8f0b9 elementor-section-boxed elementor-section-height-default elementor-section-height-default\" data-id=\"3ee8f0b9\" data-element_type=\"section\" data-e-type=\"section\">\n\t\t\t\t\t\t<div class=\"elementor-container elementor-column-gap-default\">\n\t\t\t\t\t<div class=\"elementor-column elementor-col-100 elementor-inner-column elementor-element elementor-element-679e18f\" data-id=\"679e18f\" data-element_type=\"column\" data-e-type=\"column\">\n\t\t\t<div class=\"elementor-widget-wrap elementor-element-populated\">\n\t\t\t\t\t\t<div class=\"elementor-element elementor-element-7ddade29 elementor-widget elementor-widget-button\" data-id=\"7ddade29\" data-element_type=\"widget\" data-e-type=\"widget\" data-widget_type=\"button.default\">\n\t\t\t\t\t\t\t\t\t\t<a class=\"elementor-button elementor-button-link elementor-size-sm\" href=\"https:\/\/inforgfilm.org\/en\/education\/#konyvek\">\n\t\t\t\t\t\t<span class=\"elementor-button-content-wrapper\">\n\t\t\t\t\t\t\t\t\t<span class=\"elementor-button-text\">educational books<\/span>\n\t\t\t\t\t<\/span>\n\t\t\t\t\t<\/a>\n\t\t\t\t\t\t\t\t<\/div>\n\t\t\t\t\t<\/div>\n\t\t<\/div>\n\t\t\t\t\t<\/div>\n\t\t<\/section>\n\t\t\t\t<div class=\"elementor-element elementor-element-75f5e540 elementor-widget elementor-widget-heading\" data-id=\"75f5e540\" data-element_type=\"widget\" data-e-type=\"widget\" data-widget_type=\"heading.default\">\n\t\t\t\t\t<h2 class=\"elementor-heading-title elementor-size-default\">Dictionary of Film and Media<\/h2>\t\t\t\t<\/div>\n\t\t\t\t<div class=\"elementor-element elementor-element-4021750e elementor-widget elementor-widget-image\" data-id=\"4021750e\" data-element_type=\"widget\" data-e-type=\"widget\" data-widget_type=\"image.default\">\n\t\t\t\t\t\t\t\t\t\t\t\t\t\t\t<img fetchpriority=\"high\" decoding=\"async\" width=\"350\" height=\"420\" src=\"https:\/\/inforgfilm.org\/wp-content\/uploads\/Screenshot-2021-08-16-at-13.40.52.png\" class=\"attachment-full size-full wp-image-3197\" alt=\"\" srcset=\"https:\/\/inforgfilm.org\/wp-content\/uploads\/Screenshot-2021-08-16-at-13.40.52.png 350w, https:\/\/inforgfilm.org\/wp-content\/uploads\/Screenshot-2021-08-16-at-13.40.52-250x300.png 250w\" sizes=\"(max-width: 350px) 100vw, 350px\" \/>\t\t\t\t\t\t\t\t\t\t\t\t\t\t\t<\/div>\n\t\t\t\t<div class=\"elementor-element elementor-element-78e6303 elementor-widget elementor-widget-text-editor\" data-id=\"78e6303\" data-element_type=\"widget\" data-e-type=\"widget\" data-widget_type=\"text-editor.default\">\n\t\t\t\t\t\t\t\t\t<p>writer: Muhi Kl\u00e1ra, Varr\u00f3 Attila, P\u00e1pai Zsolt, Vidovszky Gy\u00f6rgy \u00e9s Hartai L\u00e1szl\u00f3<br \/>\nKorona kiad\u00f3<br \/>\neditor: Hartai L\u00e1szl\u00f3<\/p>\n\t\t\t\t\t\t\t\t<\/div>\n\t\t\t\t\t<\/div>\n\t\t<\/div>\n\t\t\t\t\t<\/div>\n\t\t<\/section>\n\t\t\t\t<\/div>\n\t\t","protected":false},"excerpt":{"rendered":"<p>educational books Dictionary of Film and Media writer: Muhi Kl\u00e1ra, Varr\u00f3 Attila, P\u00e1pai Zsolt, Vidovszky Gy\u00f6rgy \u00e9s Hartai L\u00e1szl\u00f3 Korona kiad\u00f3 editor: Hartai L\u00e1szl\u00f3<\/p>\n","protected":false},"author":2,"featured_media":0,"parent":0,"menu_order":0,"comment_status":"closed","ping_status":"closed","template":"","meta":{"_acf_changed":false,"footnotes":""},"class_list":["post-4579","page","type-page","status-publish","hentry"],"acf":[],"_links":{"self":[{"href":"https:\/\/inforgfilm.org\/en\/wp-json\/wp\/v2\/pages\/4579","targetHints":{"allow":["GET"]}}],"collection":[{"href":"https:\/\/inforgfilm.org\/en\/wp-json\/wp\/v2\/pages"}],"about":[{"href":"https:\/\/inforgfilm.org\/en\/wp-json\/wp\/v2\/types\/page"}],"author":[{"embeddable":true,"href":"https:\/\/inforgfilm.org\/en\/wp-json\/wp\/v2\/users\/2"}],"replies":[{"embeddable":true,"href":"https:\/\/inforgfilm.org\/en\/wp-json\/wp\/v2\/comments?post=4579"}],"version-history":[{"count":3,"href":"https:\/\/inforgfilm.org\/en\/wp-json\/wp\/v2\/pages\/4579\/revisions"}],"predecessor-version":[{"id":5516,"href":"https:\/\/inforgfilm.org\/en\/wp-json\/wp\/v2\/pages\/4579\/revisions\/5516"}],"wp:attachment":[{"href":"https:\/\/inforgfilm.org\/en\/wp-json\/wp\/v2\/media?parent=4579"}],"curies":[{"name":"wp","href":"https:\/\/api.w.org\/{rel}","templated":true}]}}