{"id":4587,"date":"2021-09-06T11:04:13","date_gmt":"2021-09-06T11:04:13","guid":{"rendered":"https:\/\/inforgfilm.org\/exercises-in-film-language-with-janos-hersko-part-1-2\/"},"modified":"2021-09-15T10:13:58","modified_gmt":"2021-09-15T10:13:58","slug":"exercises-in-film-language-with-janos-hersko-part-1-2","status":"publish","type":"page","link":"https:\/\/inforgfilm.org\/en\/exercises-in-film-language-with-janos-hersko-part-1-2\/","title":{"rendered":"Exercises in Film Language with J\u00e1nos Hersk\u00f3 Part 1-2"},"content":{"rendered":"\t\t<div data-elementor-type=\"wp-page\" data-elementor-id=\"4587\" class=\"elementor elementor-4587 elementor-3305\" data-elementor-post-type=\"page\">\n\t\t\t\t\t\t<section class=\"elementor-section elementor-top-section elementor-element elementor-element-5279fcaf elementor-section-full_width elementor-section-height-default elementor-section-height-default\" data-id=\"5279fcaf\" data-element_type=\"section\" data-e-type=\"section\">\n\t\t\t\t\t\t<div class=\"elementor-container elementor-column-gap-default\">\n\t\t\t\t\t<div class=\"elementor-column elementor-col-100 elementor-top-column elementor-element elementor-element-64daf3e6\" data-id=\"64daf3e6\" data-element_type=\"column\" data-e-type=\"column\">\n\t\t\t<div class=\"elementor-widget-wrap elementor-element-populated\">\n\t\t\t\t\t\t<div class=\"elementor-element elementor-element-5c7ab7e elementor-widget elementor-widget-image-carousel\" data-id=\"5c7ab7e\" data-element_type=\"widget\" data-e-type=\"widget\" data-settings=\"{&quot;slides_to_show&quot;:&quot;1&quot;,&quot;navigation&quot;:&quot;none&quot;,&quot;effect&quot;:&quot;fade&quot;,&quot;speed&quot;:0,&quot;autoplay_speed&quot;:3000,&quot;autoplay&quot;:&quot;yes&quot;,&quot;pause_on_hover&quot;:&quot;yes&quot;,&quot;pause_on_interaction&quot;:&quot;yes&quot;,&quot;infinite&quot;:&quot;yes&quot;}\" data-widget_type=\"image-carousel.default\">\n\t\t\t\t\t\t\t<div class=\"elementor-image-carousel-wrapper swiper\" role=\"region\" aria-roledescription=\"carousel\" aria-label=\"Image Carousel\" dir=\"ltr\">\n\t\t\t<div class=\"elementor-image-carousel swiper-wrapper swiper-image-stretch\" aria-live=\"off\">\n\t\t\t\t\t\t\t\t<div class=\"swiper-slide\" role=\"group\" aria-roledescription=\"slide\" aria-label=\"1 of 1\"><figure class=\"swiper-slide-inner\"><img decoding=\"async\" class=\"swiper-slide-image\" src=\"https:\/\/inforgfilm.org\/wp-content\/uploads\/oktatas-fejlec.jpg\" alt=\"oktatas fejlec\" \/><\/figure><\/div>\t\t\t<\/div>\n\t\t\t\t\t<\/div>\n\t\t\t\t\t\t<\/div>\n\t\t\t\t\t<\/div>\n\t\t<\/div>\n\t\t\t\t\t<\/div>\n\t\t<\/section>\n\t\t\t\t<section class=\"elementor-section elementor-top-section elementor-element elementor-element-52e9209f elementor-section-boxed elementor-section-height-default elementor-section-height-default\" data-id=\"52e9209f\" data-element_type=\"section\" data-e-type=\"section\">\n\t\t\t\t\t\t<div class=\"elementor-container elementor-column-gap-default\">\n\t\t\t\t\t<div class=\"elementor-column elementor-col-100 elementor-top-column elementor-element elementor-element-61a97c0e\" data-id=\"61a97c0e\" data-element_type=\"column\" data-e-type=\"column\">\n\t\t\t<div class=\"elementor-widget-wrap elementor-element-populated\">\n\t\t\t\t\t\t<section class=\"elementor-section elementor-inner-section elementor-element elementor-element-57f20692 elementor-section-boxed elementor-section-height-default elementor-section-height-default\" data-id=\"57f20692\" data-element_type=\"section\" data-e-type=\"section\">\n\t\t\t\t\t\t<div class=\"elementor-container elementor-column-gap-default\">\n\t\t\t\t\t<div class=\"elementor-column elementor-col-100 elementor-inner-column elementor-element elementor-element-654fc5d0\" data-id=\"654fc5d0\" data-element_type=\"column\" data-e-type=\"column\">\n\t\t\t<div class=\"elementor-widget-wrap elementor-element-populated\">\n\t\t\t\t\t\t<div class=\"elementor-element elementor-element-7f028e26 elementor-widget elementor-widget-button\" data-id=\"7f028e26\" data-element_type=\"widget\" data-e-type=\"widget\" data-widget_type=\"button.default\">\n\t\t\t\t\t\t\t\t\t\t<a class=\"elementor-button elementor-button-link elementor-size-sm\" href=\"https:\/\/inforgfilm.org\/en\/education\/#dvd\">\n\t\t\t\t\t\t<span class=\"elementor-button-content-wrapper\">\n\t\t\t\t\t\t\t\t\t<span class=\"elementor-button-text\">educational DVDs, CD-ROMs, video cassettes<\/span>\n\t\t\t\t\t<\/span>\n\t\t\t\t\t<\/a>\n\t\t\t\t\t\t\t\t<\/div>\n\t\t\t\t\t<\/div>\n\t\t<\/div>\n\t\t\t\t\t<\/div>\n\t\t<\/section>\n\t\t\t\t<div class=\"elementor-element elementor-element-4503509d elementor-widget elementor-widget-heading\" data-id=\"4503509d\" data-element_type=\"widget\" data-e-type=\"widget\" data-widget_type=\"heading.default\">\n\t\t\t\t\t<h2 class=\"elementor-heading-title elementor-size-default\">Exercises in Film Language with J\u00e1nos Hersk\u00f3 Part 1-2<br>120+90\u2019 methodology video series<\/h2>\t\t\t\t<\/div>\n\t\t\t\t<div class=\"elementor-element elementor-element-2bb5f368 elementor-widget elementor-widget-image\" data-id=\"2bb5f368\" data-element_type=\"widget\" data-e-type=\"widget\" data-widget_type=\"image.default\">\n\t\t\t\t\t\t\t\t\t\t\t\t\t\t\t<img fetchpriority=\"high\" decoding=\"async\" width=\"522\" height=\"436\" src=\"https:\/\/inforgfilm.org\/wp-content\/uploads\/okt-ismterj-video-Filmnyelvi-gyakorlatok-1.jpg\" class=\"attachment-full size-full wp-image-3179\" alt=\"\" srcset=\"https:\/\/inforgfilm.org\/wp-content\/uploads\/okt-ismterj-video-Filmnyelvi-gyakorlatok-1.jpg 522w, https:\/\/inforgfilm.org\/wp-content\/uploads\/okt-ismterj-video-Filmnyelvi-gyakorlatok-1-300x251.jpg 300w\" sizes=\"(max-width: 522px) 100vw, 522px\" \/>\t\t\t\t\t\t\t\t\t\t\t\t\t\t\t<\/div>\n\t\t\t\t<div class=\"elementor-element elementor-element-7529f620 elementor-widget elementor-widget-text-editor\" data-id=\"7529f620\" data-element_type=\"widget\" data-e-type=\"widget\" data-widget_type=\"text-editor.default\">\n\t\t\t\t\t\t\t\t\t<div class=\"page\" title=\"Page 243\">\n<div class=\"layoutArea\">\n<div class=\"column\">\n<p>presenter: Hartai L\u00e1szl\u00f3<br \/>\nDOP: P\u00e1los Gy\u00f6rgy<br \/>\nproducer: Hartai L\u00e1szl\u00f3<br \/>\ncast: Hersk\u00f3 J\u00e1nos \u00e9s a K\u00f6zgazdas\u00e1gi Politechnikum filmfakult\u00e1ci\u00f3j\u00e1nak tanul\u00f3i<\/p>\n<\/div>\n<\/div>\n<\/div>\n\t\t\t\t\t\t\t\t<\/div>\n\t\t\t\t\t<\/div>\n\t\t<\/div>\n\t\t\t\t\t<\/div>\n\t\t<\/section>\n\t\t\t\t<\/div>\n\t\t","protected":false},"excerpt":{"rendered":"<p>educational DVDs, CD-ROMs, video cassettes Exercises in Film Language with J\u00e1nos Hersk\u00f3 Part 1-2120+90\u2019 methodology video series presenter: Hartai L\u00e1szl\u00f3 DOP: P\u00e1los Gy\u00f6rgy producer: Hartai L\u00e1szl\u00f3 cast: Hersk\u00f3 J\u00e1nos \u00e9s a K\u00f6zgazdas\u00e1gi Politechnikum filmfakult\u00e1ci\u00f3j\u00e1nak tanul\u00f3i<\/p>\n","protected":false},"author":2,"featured_media":0,"parent":0,"menu_order":0,"comment_status":"closed","ping_status":"closed","template":"","meta":{"_acf_changed":false,"footnotes":""},"class_list":["post-4587","page","type-page","status-publish","hentry"],"acf":[],"_links":{"self":[{"href":"https:\/\/inforgfilm.org\/en\/wp-json\/wp\/v2\/pages\/4587","targetHints":{"allow":["GET"]}}],"collection":[{"href":"https:\/\/inforgfilm.org\/en\/wp-json\/wp\/v2\/pages"}],"about":[{"href":"https:\/\/inforgfilm.org\/en\/wp-json\/wp\/v2\/types\/page"}],"author":[{"embeddable":true,"href":"https:\/\/inforgfilm.org\/en\/wp-json\/wp\/v2\/users\/2"}],"replies":[{"embeddable":true,"href":"https:\/\/inforgfilm.org\/en\/wp-json\/wp\/v2\/comments?post=4587"}],"version-history":[{"count":2,"href":"https:\/\/inforgfilm.org\/en\/wp-json\/wp\/v2\/pages\/4587\/revisions"}],"predecessor-version":[{"id":5469,"href":"https:\/\/inforgfilm.org\/en\/wp-json\/wp\/v2\/pages\/4587\/revisions\/5469"}],"wp:attachment":[{"href":"https:\/\/inforgfilm.org\/en\/wp-json\/wp\/v2\/media?parent=4587"}],"curies":[{"name":"wp","href":"https:\/\/api.w.org\/{rel}","templated":true}]}}