{"id":4593,"date":"2021-09-06T11:10:28","date_gmt":"2021-09-06T11:10:28","guid":{"rendered":"https:\/\/inforgfilm.org\/hungarian-in-the-space\/"},"modified":"2021-09-06T11:10:28","modified_gmt":"2021-09-06T11:10:28","slug":"hungarian-in-the-space","status":"publish","type":"page","link":"https:\/\/inforgfilm.org\/en\/hungarian-in-the-space\/","title":{"rendered":"Hungarian in The Space"},"content":{"rendered":"\t\t<div data-elementor-type=\"wp-page\" data-elementor-id=\"4593\" class=\"elementor elementor-4593 elementor-4279\" data-elementor-post-type=\"page\">\n\t\t\t\t\t\t<section class=\"elementor-section elementor-top-section elementor-element elementor-element-4a905bc elementor-section-full_width elementor-section-height-default elementor-section-height-default\" data-id=\"4a905bc\" data-element_type=\"section\" data-e-type=\"section\">\n\t\t\t\t\t\t<div class=\"elementor-container elementor-column-gap-default\">\n\t\t\t\t\t<div class=\"elementor-column elementor-col-100 elementor-top-column elementor-element elementor-element-67ac309a\" data-id=\"67ac309a\" data-element_type=\"column\" data-e-type=\"column\">\n\t\t\t<div class=\"elementor-widget-wrap elementor-element-populated\">\n\t\t\t\t\t\t<div class=\"elementor-element elementor-element-23be5840 elementor-widget elementor-widget-image-carousel\" data-id=\"23be5840\" data-element_type=\"widget\" data-e-type=\"widget\" data-settings=\"{&quot;slides_to_show&quot;:&quot;1&quot;,&quot;navigation&quot;:&quot;none&quot;,&quot;effect&quot;:&quot;fade&quot;,&quot;speed&quot;:0,&quot;autoplay_speed&quot;:3000,&quot;autoplay&quot;:&quot;yes&quot;,&quot;pause_on_hover&quot;:&quot;yes&quot;,&quot;pause_on_interaction&quot;:&quot;yes&quot;,&quot;infinite&quot;:&quot;yes&quot;}\" data-widget_type=\"image-carousel.default\">\n\t\t\t\t\t\t\t<div class=\"elementor-image-carousel-wrapper swiper\" role=\"region\" aria-roledescription=\"carousel\" aria-label=\"Image Carousel\" dir=\"ltr\">\n\t\t\t<div class=\"elementor-image-carousel swiper-wrapper swiper-image-stretch\" aria-live=\"off\">\n\t\t\t\t\t\t\t\t<div class=\"swiper-slide\" role=\"group\" aria-roledescription=\"slide\" aria-label=\"1 of 1\"><figure class=\"swiper-slide-inner\"><img decoding=\"async\" class=\"swiper-slide-image\" src=\"https:\/\/inforgfilm.org\/wp-content\/uploads\/szervizmunka-fejleckep.jpg\" alt=\"szervizmunka fejleckep\" \/><\/figure><\/div>\t\t\t<\/div>\n\t\t\t\t\t<\/div>\n\t\t\t\t\t\t<\/div>\n\t\t\t\t\t<\/div>\n\t\t<\/div>\n\t\t\t\t\t<\/div>\n\t\t<\/section>\n\t\t\t\t<section class=\"elementor-section elementor-top-section elementor-element elementor-element-70cc8d85 elementor-section-boxed elementor-section-height-default elementor-section-height-default\" data-id=\"70cc8d85\" data-element_type=\"section\" data-e-type=\"section\">\n\t\t\t\t\t\t<div class=\"elementor-container elementor-column-gap-default\">\n\t\t\t\t\t<div class=\"elementor-column elementor-col-100 elementor-top-column elementor-element elementor-element-59840f8\" data-id=\"59840f8\" data-element_type=\"column\" data-e-type=\"column\">\n\t\t\t<div class=\"elementor-widget-wrap elementor-element-populated\">\n\t\t\t\t\t\t<section class=\"elementor-section elementor-inner-section elementor-element elementor-element-4a21bba9 elementor-section-boxed elementor-section-height-default elementor-section-height-default\" data-id=\"4a21bba9\" data-element_type=\"section\" data-e-type=\"section\">\n\t\t\t\t\t\t<div class=\"elementor-container elementor-column-gap-default\">\n\t\t\t\t\t<div class=\"elementor-column elementor-col-100 elementor-inner-column elementor-element elementor-element-37e883bd\" data-id=\"37e883bd\" data-element_type=\"column\" data-e-type=\"column\">\n\t\t\t<div class=\"elementor-widget-wrap elementor-element-populated\">\n\t\t\t\t\t\t<div class=\"elementor-element elementor-element-4dbbb9db elementor-widget elementor-widget-button\" data-id=\"4dbbb9db\" data-element_type=\"widget\" data-e-type=\"widget\" data-widget_type=\"button.default\">\n\t\t\t\t\t\t\t\t\t\t<a class=\"elementor-button elementor-button-link elementor-size-sm\" href=\"https:\/\/inforgfilm.org\/en\/studio\/#szervizmunkak\">\n\t\t\t\t\t\t<span class=\"elementor-button-content-wrapper\">\n\t\t\t\t\t\t\t\t\t<span class=\"elementor-button-text\">service works<\/span>\n\t\t\t\t\t<\/span>\n\t\t\t\t\t<\/a>\n\t\t\t\t\t\t\t\t<\/div>\n\t\t\t\t\t<\/div>\n\t\t<\/div>\n\t\t\t\t\t<\/div>\n\t\t<\/section>\n\t\t\t\t<div class=\"elementor-element elementor-element-13b51e23 elementor-widget elementor-widget-heading\" data-id=\"13b51e23\" data-element_type=\"widget\" data-e-type=\"widget\" data-widget_type=\"heading.default\">\n\t\t\t\t\t<h2 class=\"elementor-heading-title elementor-size-default\">Hungarian in The Space<\/h2>\t\t\t\t<\/div>\n\t\t\t\t<div class=\"elementor-element elementor-element-3be676dd elementor-widget elementor-widget-image\" data-id=\"3be676dd\" data-element_type=\"widget\" data-e-type=\"widget\" data-widget_type=\"image.default\">\n\t\t\t\t\t\t\t\t\t\t\t\t\t\t\t<img fetchpriority=\"high\" decoding=\"async\" width=\"713\" height=\"436\" src=\"https:\/\/inforgfilm.org\/wp-content\/uploads\/szervizmunkak-Magyarok-az-urben.jpg\" class=\"attachment-full size-full wp-image-2642\" alt=\"\" srcset=\"https:\/\/inforgfilm.org\/wp-content\/uploads\/szervizmunkak-Magyarok-az-urben.jpg 713w, https:\/\/inforgfilm.org\/wp-content\/uploads\/szervizmunkak-Magyarok-az-urben-300x183.jpg 300w\" sizes=\"(max-width: 713px) 100vw, 713px\" \/>\t\t\t\t\t\t\t\t\t\t\t\t\t\t\t<\/div>\n\t\t\t\t<div class=\"elementor-element elementor-element-34952eda elementor-widget elementor-widget-text-editor\" data-id=\"34952eda\" data-element_type=\"widget\" data-e-type=\"widget\" data-widget_type=\"text-editor.default\">\n\t\t\t\t\t\t\t\t\t<p class=\"p1\">dir: V\u00e9gh Zsolt<\/p>\n<p class=\"p1\">DOP: Ilovszky P\u00e9ter, V\u00e9gh Zsolt<\/p>\n<p class=\"p1\">editor: Fodor Lili, Tak\u00e1cs G\u00e1bor<\/p>\n<p class=\"p1\">programigazgat\u00f3: Litkai Gergely<\/p>\n<p class=\"p1\">producer: Schwindl Endre<\/p>\n\t\t\t\t\t\t\t\t<\/div>\n\t\t\t\t\t<\/div>\n\t\t<\/div>\n\t\t\t\t\t<\/div>\n\t\t<\/section>\n\t\t\t\t<\/div>\n\t\t","protected":false},"excerpt":{"rendered":"<p>service works Hungarian in The Space dir: V\u00e9gh Zsolt DOP: Ilovszky P\u00e9ter, V\u00e9gh Zsolt editor: Fodor Lili, Tak\u00e1cs G\u00e1bor programigazgat\u00f3: Litkai Gergely producer: Schwindl Endre<\/p>\n","protected":false},"author":1,"featured_media":0,"parent":0,"menu_order":0,"comment_status":"closed","ping_status":"closed","template":"","meta":{"_acf_changed":false,"footnotes":""},"class_list":["post-4593","page","type-page","status-publish","hentry"],"acf":[],"_links":{"self":[{"href":"https:\/\/inforgfilm.org\/en\/wp-json\/wp\/v2\/pages\/4593","targetHints":{"allow":["GET"]}}],"collection":[{"href":"https:\/\/inforgfilm.org\/en\/wp-json\/wp\/v2\/pages"}],"about":[{"href":"https:\/\/inforgfilm.org\/en\/wp-json\/wp\/v2\/types\/page"}],"author":[{"embeddable":true,"href":"https:\/\/inforgfilm.org\/en\/wp-json\/wp\/v2\/users\/1"}],"replies":[{"embeddable":true,"href":"https:\/\/inforgfilm.org\/en\/wp-json\/wp\/v2\/comments?post=4593"}],"version-history":[{"count":1,"href":"https:\/\/inforgfilm.org\/en\/wp-json\/wp\/v2\/pages\/4593\/revisions"}],"predecessor-version":[{"id":4594,"href":"https:\/\/inforgfilm.org\/en\/wp-json\/wp\/v2\/pages\/4593\/revisions\/4594"}],"wp:attachment":[{"href":"https:\/\/inforgfilm.org\/en\/wp-json\/wp\/v2\/media?parent=4593"}],"curies":[{"name":"wp","href":"https:\/\/api.w.org\/{rel}","templated":true}]}}