{"id":4606,"date":"2021-09-06T11:13:55","date_gmt":"2021-09-06T11:13:55","guid":{"rendered":"https:\/\/inforgfilm.org\/kvsc-100-years-of-adrenalin\/"},"modified":"2021-09-06T11:13:56","modified_gmt":"2021-09-06T11:13:56","slug":"kvsc-100-years-of-adrenalin","status":"publish","type":"page","link":"https:\/\/inforgfilm.org\/en\/kvsc-100-years-of-adrenalin\/","title":{"rendered":"KVSC &#8211; 100 Years of Adrenalin"},"content":{"rendered":"\t\t<div data-elementor-type=\"wp-page\" data-elementor-id=\"4606\" class=\"elementor elementor-4606 elementor-4263\" data-elementor-post-type=\"page\">\n\t\t\t\t\t\t<section class=\"elementor-section elementor-top-section elementor-element elementor-element-b0d3110 elementor-section-full_width elementor-section-height-default elementor-section-height-default\" data-id=\"b0d3110\" data-element_type=\"section\" data-e-type=\"section\">\n\t\t\t\t\t\t<div class=\"elementor-container elementor-column-gap-default\">\n\t\t\t\t\t<div class=\"elementor-column elementor-col-100 elementor-top-column elementor-element elementor-element-7e78cdde\" data-id=\"7e78cdde\" data-element_type=\"column\" data-e-type=\"column\">\n\t\t\t<div class=\"elementor-widget-wrap elementor-element-populated\">\n\t\t\t\t\t\t<div class=\"elementor-element elementor-element-3c771ea7 elementor-widget elementor-widget-image-carousel\" data-id=\"3c771ea7\" data-element_type=\"widget\" data-e-type=\"widget\" data-settings=\"{&quot;slides_to_show&quot;:&quot;1&quot;,&quot;navigation&quot;:&quot;none&quot;,&quot;effect&quot;:&quot;fade&quot;,&quot;speed&quot;:0,&quot;autoplay_speed&quot;:3000,&quot;autoplay&quot;:&quot;yes&quot;,&quot;pause_on_hover&quot;:&quot;yes&quot;,&quot;pause_on_interaction&quot;:&quot;yes&quot;,&quot;infinite&quot;:&quot;yes&quot;}\" data-widget_type=\"image-carousel.default\">\n\t\t\t\t\t\t\t<div class=\"elementor-image-carousel-wrapper swiper\" role=\"region\" aria-roledescription=\"carousel\" aria-label=\"Image Carousel\" dir=\"ltr\">\n\t\t\t<div class=\"elementor-image-carousel swiper-wrapper swiper-image-stretch\" aria-live=\"off\">\n\t\t\t\t\t\t\t\t<div class=\"swiper-slide\" role=\"group\" aria-roledescription=\"slide\" aria-label=\"1 of 1\"><figure class=\"swiper-slide-inner\"><img decoding=\"async\" class=\"swiper-slide-image\" src=\"https:\/\/inforgfilm.org\/wp-content\/uploads\/szervizmunka-fejleckep.jpg\" alt=\"szervizmunka fejleckep\" \/><\/figure><\/div>\t\t\t<\/div>\n\t\t\t\t\t<\/div>\n\t\t\t\t\t\t<\/div>\n\t\t\t\t\t<\/div>\n\t\t<\/div>\n\t\t\t\t\t<\/div>\n\t\t<\/section>\n\t\t\t\t<section class=\"elementor-section elementor-top-section elementor-element elementor-element-10005d5a elementor-section-boxed elementor-section-height-default elementor-section-height-default\" data-id=\"10005d5a\" data-element_type=\"section\" data-e-type=\"section\">\n\t\t\t\t\t\t<div class=\"elementor-container elementor-column-gap-default\">\n\t\t\t\t\t<div class=\"elementor-column elementor-col-100 elementor-top-column elementor-element elementor-element-6fafe4dc\" data-id=\"6fafe4dc\" data-element_type=\"column\" data-e-type=\"column\">\n\t\t\t<div class=\"elementor-widget-wrap elementor-element-populated\">\n\t\t\t\t\t\t<section class=\"elementor-section elementor-inner-section elementor-element elementor-element-6fae20eb elementor-section-boxed elementor-section-height-default elementor-section-height-default\" data-id=\"6fae20eb\" data-element_type=\"section\" data-e-type=\"section\">\n\t\t\t\t\t\t<div class=\"elementor-container elementor-column-gap-default\">\n\t\t\t\t\t<div class=\"elementor-column elementor-col-100 elementor-inner-column elementor-element elementor-element-6c55cba4\" data-id=\"6c55cba4\" data-element_type=\"column\" data-e-type=\"column\">\n\t\t\t<div class=\"elementor-widget-wrap elementor-element-populated\">\n\t\t\t\t\t\t<div class=\"elementor-element elementor-element-659821d5 elementor-widget elementor-widget-button\" data-id=\"659821d5\" data-element_type=\"widget\" data-e-type=\"widget\" data-widget_type=\"button.default\">\n\t\t\t\t\t\t\t\t\t\t<a class=\"elementor-button elementor-button-link elementor-size-sm\" href=\"https:\/\/inforgfilm.org\/en\/studio\/#szervizmunkak\">\n\t\t\t\t\t\t<span class=\"elementor-button-content-wrapper\">\n\t\t\t\t\t\t\t\t\t<span class=\"elementor-button-text\">service works<\/span>\n\t\t\t\t\t<\/span>\n\t\t\t\t\t<\/a>\n\t\t\t\t\t\t\t\t<\/div>\n\t\t\t\t\t<\/div>\n\t\t<\/div>\n\t\t\t\t\t<\/div>\n\t\t<\/section>\n\t\t\t\t<div class=\"elementor-element elementor-element-997f7cb elementor-widget elementor-widget-heading\" data-id=\"997f7cb\" data-element_type=\"widget\" data-e-type=\"widget\" data-widget_type=\"heading.default\">\n\t\t\t\t\t<h2 class=\"elementor-heading-title elementor-size-default\">KVSC - 100 Years of Adrenalin<\/h2>\t\t\t\t<\/div>\n\t\t\t\t<div class=\"elementor-element elementor-element-73d4e6f8 elementor-widget elementor-widget-image\" data-id=\"73d4e6f8\" data-element_type=\"widget\" data-e-type=\"widget\" data-widget_type=\"image.default\">\n\t\t\t\t\t\t\t\t\t\t\t\t\t\t\t<img fetchpriority=\"high\" decoding=\"async\" width=\"1603\" height=\"1211\" src=\"https:\/\/inforgfilm.org\/wp-content\/uploads\/szervizmunkak-KVSC-100-ev-adrenalin.jpg\" class=\"attachment-full size-full wp-image-2924\" alt=\"\" srcset=\"https:\/\/inforgfilm.org\/wp-content\/uploads\/szervizmunkak-KVSC-100-ev-adrenalin.jpg 1603w, https:\/\/inforgfilm.org\/wp-content\/uploads\/szervizmunkak-KVSC-100-ev-adrenalin-300x227.jpg 300w, https:\/\/inforgfilm.org\/wp-content\/uploads\/szervizmunkak-KVSC-100-ev-adrenalin-1024x774.jpg 1024w, https:\/\/inforgfilm.org\/wp-content\/uploads\/szervizmunkak-KVSC-100-ev-adrenalin-768x580.jpg 768w, https:\/\/inforgfilm.org\/wp-content\/uploads\/szervizmunkak-KVSC-100-ev-adrenalin-1536x1160.jpg 1536w\" sizes=\"(max-width: 1603px) 100vw, 1603px\" \/>\t\t\t\t\t\t\t\t\t\t\t\t\t\t\t<\/div>\n\t\t\t\t<div class=\"elementor-element elementor-element-458344f3 elementor-widget elementor-widget-text-editor\" data-id=\"458344f3\" data-element_type=\"widget\" data-e-type=\"widget\" data-widget_type=\"text-editor.default\">\n\t\t\t\t\t\t\t\t\t<p class=\"p1\">The fi lm is about the fans of the Kolozsv\u00e1r CFR (formerly known as the KVSC, or the Ironworks Sports Club of Kolozsv\u00e1r), founded in 1907.<\/p>\n<p class=\"p1\">dir: Lakatos R\u00f3bert<\/p>\n<p class=\"p1\">DOP: Sz\u00e9kely R\u00f3bert<\/p>\n<p class=\"p1\">producer: Lakatos R\u00f3bert<\/p>\n<p class=\"p1\">PC: Argo Audiovizu\u00e1lis M\u00fbhely, Inforg St\u00fadi\u00f3<\/p>\n\t\t\t\t\t\t\t\t<\/div>\n\t\t\t\t\t<\/div>\n\t\t<\/div>\n\t\t\t\t\t<\/div>\n\t\t<\/section>\n\t\t\t\t<\/div>\n\t\t","protected":false},"excerpt":{"rendered":"<p>service works KVSC &#8211; 100 Years of Adrenalin The fi lm is about the fans of the Kolozsv\u00e1r CFR (formerly known as the KVSC, or the Ironworks Sports Club of Kolozsv\u00e1r), founded in 1907. dir: Lakatos R\u00f3bert DOP: Sz\u00e9kely R\u00f3bert producer: Lakatos R\u00f3bert PC: Argo Audiovizu\u00e1lis M\u0171hely, Inforg St\u00fadi\u00f3<\/p>\n","protected":false},"author":1,"featured_media":0,"parent":0,"menu_order":0,"comment_status":"closed","ping_status":"closed","template":"","meta":{"_acf_changed":false,"footnotes":""},"class_list":["post-4606","page","type-page","status-publish","hentry"],"acf":[],"_links":{"self":[{"href":"https:\/\/inforgfilm.org\/en\/wp-json\/wp\/v2\/pages\/4606","targetHints":{"allow":["GET"]}}],"collection":[{"href":"https:\/\/inforgfilm.org\/en\/wp-json\/wp\/v2\/pages"}],"about":[{"href":"https:\/\/inforgfilm.org\/en\/wp-json\/wp\/v2\/types\/page"}],"author":[{"embeddable":true,"href":"https:\/\/inforgfilm.org\/en\/wp-json\/wp\/v2\/users\/1"}],"replies":[{"embeddable":true,"href":"https:\/\/inforgfilm.org\/en\/wp-json\/wp\/v2\/comments?post=4606"}],"version-history":[{"count":1,"href":"https:\/\/inforgfilm.org\/en\/wp-json\/wp\/v2\/pages\/4606\/revisions"}],"predecessor-version":[{"id":4607,"href":"https:\/\/inforgfilm.org\/en\/wp-json\/wp\/v2\/pages\/4606\/revisions\/4607"}],"wp:attachment":[{"href":"https:\/\/inforgfilm.org\/en\/wp-json\/wp\/v2\/media?parent=4606"}],"curies":[{"name":"wp","href":"https:\/\/api.w.org\/{rel}","templated":true}]}}