{"id":4635,"date":"2021-09-07T05:20:03","date_gmt":"2021-09-07T05:20:03","guid":{"rendered":"https:\/\/inforgfilm.org\/hartai-laszlo-muhi-andras-muhi-klara-laci-bonnie-es-clyde-konyvfilm-inforg-kiado-1995\/"},"modified":"2021-09-07T05:20:03","modified_gmt":"2021-09-07T05:20:03","slug":"hartai-laszlo-muhi-andras-muhi-klara-laci-bonnie-es-clyde-konyvfilm-inforg-kiado-1995","status":"publish","type":"page","link":"https:\/\/inforgfilm.org\/en\/hartai-laszlo-muhi-andras-muhi-klara-laci-bonnie-es-clyde-konyvfilm-inforg-kiado-1995\/","title":{"rendered":"Hartai L\u00e1szl\u00f3, Muhi Andr\u00e1s, Muhi Kl\u00e1ra: Laci, Bonnie \u00e9s Clyde (K\u00f6nyvfilm), Inforg Kiad\u00f3, 1995"},"content":{"rendered":"\t\t<div data-elementor-type=\"wp-page\" data-elementor-id=\"4635\" class=\"elementor elementor-4635 elementor-3432\" data-elementor-post-type=\"page\">\n\t\t\t\t\t\t<section class=\"elementor-section elementor-top-section elementor-element elementor-element-6dab7da1 elementor-section-full_width elementor-section-height-default elementor-section-height-default\" data-id=\"6dab7da1\" data-element_type=\"section\" data-e-type=\"section\">\n\t\t\t\t\t\t<div class=\"elementor-container elementor-column-gap-default\">\n\t\t\t\t\t<div class=\"elementor-column elementor-col-100 elementor-top-column elementor-element elementor-element-3b6d9304\" data-id=\"3b6d9304\" data-element_type=\"column\" data-e-type=\"column\">\n\t\t\t<div class=\"elementor-widget-wrap elementor-element-populated\">\n\t\t\t\t\t\t<div class=\"elementor-element elementor-element-696c26bb elementor-widget elementor-widget-image-carousel\" data-id=\"696c26bb\" data-element_type=\"widget\" data-e-type=\"widget\" data-settings=\"{&quot;slides_to_show&quot;:&quot;1&quot;,&quot;navigation&quot;:&quot;none&quot;,&quot;effect&quot;:&quot;fade&quot;,&quot;speed&quot;:0,&quot;autoplay_speed&quot;:3000,&quot;autoplay&quot;:&quot;yes&quot;,&quot;pause_on_hover&quot;:&quot;yes&quot;,&quot;pause_on_interaction&quot;:&quot;yes&quot;,&quot;infinite&quot;:&quot;yes&quot;}\" data-widget_type=\"image-carousel.default\">\n\t\t\t\t\t\t\t<div class=\"elementor-image-carousel-wrapper swiper\" role=\"region\" aria-roledescription=\"carousel\" aria-label=\"Image Carousel\" dir=\"ltr\">\n\t\t\t<div class=\"elementor-image-carousel swiper-wrapper swiper-image-stretch\" aria-live=\"off\">\n\t\t\t\t\t\t\t\t<div class=\"swiper-slide\" role=\"group\" aria-roledescription=\"slide\" aria-label=\"1 of 1\"><figure class=\"swiper-slide-inner\"><img decoding=\"async\" class=\"swiper-slide-image\" src=\"https:\/\/inforgfilm.org\/wp-content\/uploads\/konyvek-CDk-fejleckepek.jpg\" alt=\"konyvek CDk fejleckepek\" \/><\/figure><\/div>\t\t\t<\/div>\n\t\t\t\t\t<\/div>\n\t\t\t\t\t\t<\/div>\n\t\t\t\t\t<\/div>\n\t\t<\/div>\n\t\t\t\t\t<\/div>\n\t\t<\/section>\n\t\t\t\t<section class=\"elementor-section elementor-top-section elementor-element elementor-element-7d567894 elementor-section-boxed elementor-section-height-default elementor-section-height-default\" data-id=\"7d567894\" data-element_type=\"section\" data-e-type=\"section\">\n\t\t\t\t\t\t<div class=\"elementor-container elementor-column-gap-default\">\n\t\t\t\t\t<div class=\"elementor-column elementor-col-100 elementor-top-column elementor-element elementor-element-293b311\" data-id=\"293b311\" data-element_type=\"column\" data-e-type=\"column\">\n\t\t\t<div class=\"elementor-widget-wrap elementor-element-populated\">\n\t\t\t\t\t\t<section class=\"elementor-section elementor-inner-section elementor-element elementor-element-53f92db8 elementor-section-boxed elementor-section-height-default elementor-section-height-default\" data-id=\"53f92db8\" data-element_type=\"section\" data-e-type=\"section\">\n\t\t\t\t\t\t<div class=\"elementor-container elementor-column-gap-default\">\n\t\t\t\t\t<div class=\"elementor-column elementor-col-100 elementor-inner-column elementor-element elementor-element-6f9a65da\" data-id=\"6f9a65da\" data-element_type=\"column\" data-e-type=\"column\">\n\t\t\t<div class=\"elementor-widget-wrap elementor-element-populated\">\n\t\t\t\t\t\t<div class=\"elementor-element elementor-element-259329e5 elementor-widget elementor-widget-button\" data-id=\"259329e5\" data-element_type=\"widget\" data-e-type=\"widget\" data-widget_type=\"button.default\">\n\t\t\t\t\t\t\t\t\t\t<a class=\"elementor-button elementor-button-link elementor-size-sm\" href=\"https:\/\/inforgfilm.org\/en\/education\/#konyvek\">\n\t\t\t\t\t\t<span class=\"elementor-button-content-wrapper\">\n\t\t\t\t\t\t\t\t\t<span class=\"elementor-button-text\">books, CDs<\/span>\n\t\t\t\t\t<\/span>\n\t\t\t\t\t<\/a>\n\t\t\t\t\t\t\t\t<\/div>\n\t\t\t\t\t<\/div>\n\t\t<\/div>\n\t\t\t\t\t<\/div>\n\t\t<\/section>\n\t\t\t\t<div class=\"elementor-element elementor-element-3673ac36 elementor-widget elementor-widget-heading\" data-id=\"3673ac36\" data-element_type=\"widget\" data-e-type=\"widget\" data-widget_type=\"heading.default\">\n\t\t\t\t\t<h2 class=\"elementor-heading-title elementor-size-default\">Hartai L\u00e1szl\u00f3, Muhi Andr\u00e1s, Muhi Kl\u00e1ra: Laci, Bonnie \u00e9s Clyde (K\u00f6nyvfilm), Inforg Kiad\u00f3,1995<\/h2>\t\t\t\t<\/div>\n\t\t\t\t<div class=\"elementor-element elementor-element-7f246ac7 elementor-widget elementor-widget-image\" data-id=\"7f246ac7\" data-element_type=\"widget\" data-e-type=\"widget\" data-widget_type=\"image.default\">\n\t\t\t\t\t\t\t\t\t\t\t\t\t\t\t<img fetchpriority=\"high\" decoding=\"async\" width=\"1920\" height=\"992\" src=\"https:\/\/inforgfilm.org\/wp-content\/uploads\/Laci-Bonnie-1.jpg\" class=\"attachment-full size-full wp-image-3161\" alt=\"\" srcset=\"https:\/\/inforgfilm.org\/wp-content\/uploads\/Laci-Bonnie-1.jpg 1920w, https:\/\/inforgfilm.org\/wp-content\/uploads\/Laci-Bonnie-1-300x155.jpg 300w, https:\/\/inforgfilm.org\/wp-content\/uploads\/Laci-Bonnie-1-1024x529.jpg 1024w, https:\/\/inforgfilm.org\/wp-content\/uploads\/Laci-Bonnie-1-768x397.jpg 768w, https:\/\/inforgfilm.org\/wp-content\/uploads\/Laci-Bonnie-1-1536x794.jpg 1536w\" sizes=\"(max-width: 1920px) 100vw, 1920px\" \/>\t\t\t\t\t\t\t\t\t\t\t\t\t\t\t<\/div>\n\t\t\t\t<div class=\"elementor-element elementor-element-1a15f1cf elementor-widget elementor-widget-text-editor\" data-id=\"1a15f1cf\" data-element_type=\"widget\" data-e-type=\"widget\" data-widget_type=\"text-editor.default\">\n\t\t\t\t\t\t\t\t\t<p>Inforg Kiad\u00f3,1995<\/p>\n\t\t\t\t\t\t\t\t<\/div>\n\t\t\t\t\t<\/div>\n\t\t<\/div>\n\t\t\t\t\t<\/div>\n\t\t<\/section>\n\t\t\t\t<\/div>\n\t\t","protected":false},"excerpt":{"rendered":"<p>books, CDs Hartai L\u00e1szl\u00f3, Muhi Andr\u00e1s, Muhi Kl\u00e1ra: Laci, Bonnie \u00e9s Clyde (K\u00f6nyvfilm), Inforg Kiad\u00f3,1995 Inforg Kiad\u00f3,1995<\/p>\n","protected":false},"author":2,"featured_media":0,"parent":0,"menu_order":0,"comment_status":"closed","ping_status":"closed","template":"","meta":{"_acf_changed":false,"footnotes":""},"class_list":["post-4635","page","type-page","status-publish","hentry"],"acf":[],"_links":{"self":[{"href":"https:\/\/inforgfilm.org\/en\/wp-json\/wp\/v2\/pages\/4635","targetHints":{"allow":["GET"]}}],"collection":[{"href":"https:\/\/inforgfilm.org\/en\/wp-json\/wp\/v2\/pages"}],"about":[{"href":"https:\/\/inforgfilm.org\/en\/wp-json\/wp\/v2\/types\/page"}],"author":[{"embeddable":true,"href":"https:\/\/inforgfilm.org\/en\/wp-json\/wp\/v2\/users\/2"}],"replies":[{"embeddable":true,"href":"https:\/\/inforgfilm.org\/en\/wp-json\/wp\/v2\/comments?post=4635"}],"version-history":[{"count":1,"href":"https:\/\/inforgfilm.org\/en\/wp-json\/wp\/v2\/pages\/4635\/revisions"}],"predecessor-version":[{"id":4636,"href":"https:\/\/inforgfilm.org\/en\/wp-json\/wp\/v2\/pages\/4635\/revisions\/4636"}],"wp:attachment":[{"href":"https:\/\/inforgfilm.org\/en\/wp-json\/wp\/v2\/media?parent=4635"}],"curies":[{"name":"wp","href":"https:\/\/api.w.org\/{rel}","templated":true}]}}