{"id":4674,"date":"2021-09-07T05:38:06","date_gmt":"2021-09-07T05:38:06","guid":{"rendered":"https:\/\/inforgfilm.org\/events\/"},"modified":"2021-09-21T18:39:51","modified_gmt":"2021-09-21T18:39:51","slug":"events","status":"publish","type":"page","link":"https:\/\/inforgfilm.org\/en\/events\/","title":{"rendered":"Events"},"content":{"rendered":"\t\t<div data-elementor-type=\"wp-page\" data-elementor-id=\"4674\" class=\"elementor elementor-4674 elementor-3762\" data-elementor-post-type=\"page\">\n\t\t\t\t\t\t<section class=\"elementor-section elementor-top-section elementor-element elementor-element-22d30800 elementor-section-full_width elementor-section-height-default elementor-section-height-default\" data-id=\"22d30800\" data-element_type=\"section\" data-e-type=\"section\">\n\t\t\t\t\t\t<div class=\"elementor-container elementor-column-gap-default\">\n\t\t\t\t\t<div class=\"elementor-column elementor-col-100 elementor-top-column elementor-element elementor-element-7b0fa1d\" data-id=\"7b0fa1d\" data-element_type=\"column\" data-e-type=\"column\">\n\t\t\t<div class=\"elementor-widget-wrap elementor-element-populated\">\n\t\t\t\t\t\t<div class=\"elementor-element elementor-element-cef6d0c elementor-widget elementor-widget-image-carousel\" data-id=\"cef6d0c\" data-element_type=\"widget\" data-e-type=\"widget\" data-settings=\"{&quot;slides_to_show&quot;:&quot;1&quot;,&quot;navigation&quot;:&quot;none&quot;,&quot;effect&quot;:&quot;fade&quot;,&quot;speed&quot;:0,&quot;autoplay_speed&quot;:3000,&quot;autoplay&quot;:&quot;yes&quot;,&quot;pause_on_hover&quot;:&quot;yes&quot;,&quot;pause_on_interaction&quot;:&quot;yes&quot;,&quot;infinite&quot;:&quot;yes&quot;}\" data-widget_type=\"image-carousel.default\">\n\t\t\t\t\t\t\t<div class=\"elementor-image-carousel-wrapper swiper\" role=\"region\" aria-roledescription=\"carousel\" aria-label=\"Image Carousel\" dir=\"ltr\">\n\t\t\t<div class=\"elementor-image-carousel swiper-wrapper swiper-image-stretch\" aria-live=\"off\">\n\t\t\t\t\t\t\t\t<div class=\"swiper-slide\" role=\"group\" aria-roledescription=\"slide\" aria-label=\"1 of 1\"><figure class=\"swiper-slide-inner\"><img decoding=\"async\" class=\"swiper-slide-image\" src=\"https:\/\/inforgfilm.org\/wp-content\/uploads\/fliegauf-esemenyek-fejleckepek.jpg\" alt=\"fliegauf esemenyek fejleckepek\" \/><\/figure><\/div>\t\t\t<\/div>\n\t\t\t\t\t<\/div>\n\t\t\t\t\t\t<\/div>\n\t\t\t\t\t<\/div>\n\t\t<\/div>\n\t\t\t\t\t<\/div>\n\t\t<\/section>\n\t\t\t\t<section class=\"elementor-section elementor-top-section elementor-element elementor-element-48640cbd elementor-section-boxed elementor-section-height-default elementor-section-height-default\" data-id=\"48640cbd\" data-element_type=\"section\" data-e-type=\"section\">\n\t\t\t\t\t\t<div class=\"elementor-container elementor-column-gap-default\">\n\t\t\t\t\t<div class=\"elementor-column elementor-col-100 elementor-top-column elementor-element elementor-element-57a338b9\" data-id=\"57a338b9\" data-element_type=\"column\" data-e-type=\"column\">\n\t\t\t<div class=\"elementor-widget-wrap elementor-element-populated\">\n\t\t\t\t\t\t<section class=\"elementor-section elementor-inner-section elementor-element elementor-element-6fb5a6c2 elementor-section-boxed elementor-section-height-default elementor-section-height-default\" data-id=\"6fb5a6c2\" data-element_type=\"section\" data-e-type=\"section\">\n\t\t\t\t\t\t<div class=\"elementor-container elementor-column-gap-default\">\n\t\t\t\t\t<div class=\"elementor-column elementor-col-100 elementor-inner-column elementor-element elementor-element-64321d46\" data-id=\"64321d46\" data-element_type=\"column\" data-e-type=\"column\">\n\t\t\t<div class=\"elementor-widget-wrap elementor-element-populated\">\n\t\t\t\t\t\t<div class=\"elementor-element elementor-element-2315f101 elementor-widget elementor-widget-image\" data-id=\"2315f101\" data-element_type=\"widget\" data-e-type=\"widget\" data-widget_type=\"image.default\">\n\t\t\t\t\t\t\t\t\t\t\t\t\t\t\t<img fetchpriority=\"high\" decoding=\"async\" width=\"684\" height=\"436\" src=\"https:\/\/inforgfilm.org\/wp-content\/uploads\/esemenyek-1.jpg\" class=\"attachment-full size-full wp-image-3786\" alt=\"\" srcset=\"https:\/\/inforgfilm.org\/wp-content\/uploads\/esemenyek-1.jpg 684w, https:\/\/inforgfilm.org\/wp-content\/uploads\/esemenyek-1-300x191.jpg 300w\" sizes=\"(max-width: 684px) 100vw, 684px\" \/>\t\t\t\t\t\t\t\t\t\t\t\t\t\t\t<\/div>\n\t\t\t\t<div class=\"elementor-element elementor-element-4a66b5da elementor-widget elementor-widget-text-editor\" data-id=\"4a66b5da\" data-element_type=\"widget\" data-e-type=\"widget\" data-widget_type=\"text-editor.default\">\n\t\t\t\t\t\t\t\t\t<p>Inforg retrospective screenings:<\/p>\n<p class=\"p1\">Krakow, Genova, Bratislava, Bristol, Targu Mures, Moscow, Trieste, Rome.<\/p>\n<p class=\"p1\">The M\u00fbv\u00e9sz Cinema also presented all of Benedek Fliegauf\u2019s works over the course of several days to wider audiences. Benedek Fliegauf and Andr\u00e1s Muhi took part in memorably successful fi lm premiers and discussions in the Eastern and Central<\/p>\n<p class=\"p1\">European Film Festival Portrait section at the 8th goEast Festival. The director received an invitation to the Wiesbaden Film Festival as a guest of honor; all of his films up to date were shown at the renowned festival in the frame of a separate section.<\/p>\n<p class=\"p1\">Exhibition called CINEMA TOTAL &#8211; BERLIN EDITION \u2013 Film as fi ne art will open on the 13rd of February in the Moholy-Nagy Gallery of the Collegium Hungaricum Berlin. Visitors can meet with the breathtaking works of such cinematographers as Istv\u00e1n Szaladj\u00e1k and S\u00e1ndor Kardos. The curator of the exhibition is Kl\u00e1ra Muhi. The Locarno Film Festival winner Milky way by Benedek Fliegauf will be shown to the audience within the frames of the event.<\/p>\n<p class=\"p1\">The Ludwig Museum exhibited Milky way, the video installation of Benedek Fliegauf was shown.<\/p>\n<p class=\"p1\">In May, 2007, Inforg Studio co-organized the second station of the Ex Oriente Film Workshop in Piliscsaba along with the Danish EDN (European Documentary Network) and IDF (Institute of Documentary Film), located in Prague. The creators of twelve Eastern European documentary projects as well as Western European television consumer editors took part in the workshop.<\/p>\n<p class=\"p1\">Between March 1-3, 2002 at the request of the Professional Board of Trustees of the Public Endowment 4K for Hungarian Motion Picture Inforg Studio, along with the participation of 150 guests, organized a conference entitled \u201cHungarian Film After the Change of Regime\u201d in Grand Hall of the Lajos Kossuth University of Sciences in Debrecen.<\/p>\n<p class=\"p1\">LEASH<\/p>\n<p class=\"p1\">Film from prose: treatment-writing competition<\/p>\n\t\t\t\t\t\t\t\t<\/div>\n\t\t\t\t\t<\/div>\n\t\t<\/div>\n\t\t\t\t\t<\/div>\n\t\t<\/section>\n\t\t\t\t\t<\/div>\n\t\t<\/div>\n\t\t\t\t\t<\/div>\n\t\t<\/section>\n\t\t\t\t<\/div>\n\t\t","protected":false},"excerpt":{"rendered":"<p>Inforg retrospective screenings: Krakow, Genova, Bratislava, Bristol, Targu Mures, Moscow, Trieste, Rome. The M\u00fbv\u00e9sz Cinema also presented all of Benedek Fliegauf\u2019s works over the course of several days to wider audiences. Benedek Fliegauf and Andr\u00e1s Muhi took part in memorably successful fi lm premiers and discussions in the Eastern and Central European Film Festival Portrait [&hellip;]<\/p>\n","protected":false},"author":1,"featured_media":0,"parent":0,"menu_order":0,"comment_status":"closed","ping_status":"closed","template":"","meta":{"_acf_changed":false,"footnotes":""},"class_list":["post-4674","page","type-page","status-publish","hentry"],"acf":[],"_links":{"self":[{"href":"https:\/\/inforgfilm.org\/en\/wp-json\/wp\/v2\/pages\/4674","targetHints":{"allow":["GET"]}}],"collection":[{"href":"https:\/\/inforgfilm.org\/en\/wp-json\/wp\/v2\/pages"}],"about":[{"href":"https:\/\/inforgfilm.org\/en\/wp-json\/wp\/v2\/types\/page"}],"author":[{"embeddable":true,"href":"https:\/\/inforgfilm.org\/en\/wp-json\/wp\/v2\/users\/1"}],"replies":[{"embeddable":true,"href":"https:\/\/inforgfilm.org\/en\/wp-json\/wp\/v2\/comments?post=4674"}],"version-history":[{"count":2,"href":"https:\/\/inforgfilm.org\/en\/wp-json\/wp\/v2\/pages\/4674\/revisions"}],"predecessor-version":[{"id":5962,"href":"https:\/\/inforgfilm.org\/en\/wp-json\/wp\/v2\/pages\/4674\/revisions\/5962"}],"wp:attachment":[{"href":"https:\/\/inforgfilm.org\/en\/wp-json\/wp\/v2\/media?parent=4674"}],"curies":[{"name":"wp","href":"https:\/\/api.w.org\/{rel}","templated":true}]}}