{"id":5499,"date":"2021-09-15T14:22:50","date_gmt":"2021-09-15T14:22:50","guid":{"rendered":"https:\/\/inforgfilm.org\/events-2\/"},"modified":"2021-09-22T12:22:16","modified_gmt":"2021-09-22T12:22:16","slug":"events-2","status":"publish","type":"page","link":"https:\/\/inforgfilm.org\/en\/events-2\/","title":{"rendered":"events"},"content":{"rendered":"\t\t<div data-elementor-type=\"wp-page\" data-elementor-id=\"5499\" class=\"elementor elementor-5499 elementor-5238\" data-elementor-post-type=\"page\">\n\t\t\t\t\t\t<section class=\"elementor-section elementor-top-section elementor-element elementor-element-30488d6a elementor-section-full_width elementor-section-height-default elementor-section-height-default\" data-id=\"30488d6a\" data-element_type=\"section\" data-e-type=\"section\">\n\t\t\t\t\t\t<div class=\"elementor-container elementor-column-gap-default\">\n\t\t\t\t\t<div class=\"elementor-column elementor-col-100 elementor-top-column elementor-element elementor-element-6380e752\" data-id=\"6380e752\" data-element_type=\"column\" data-e-type=\"column\">\n\t\t\t<div class=\"elementor-widget-wrap elementor-element-populated\">\n\t\t\t\t\t\t<div class=\"elementor-element elementor-element-1efdc89f elementor-widget elementor-widget-image-carousel\" data-id=\"1efdc89f\" data-element_type=\"widget\" data-e-type=\"widget\" data-settings=\"{&quot;slides_to_show&quot;:&quot;1&quot;,&quot;navigation&quot;:&quot;none&quot;,&quot;pause_on_hover&quot;:&quot;no&quot;,&quot;pause_on_interaction&quot;:&quot;no&quot;,&quot;effect&quot;:&quot;fade&quot;,&quot;speed&quot;:0,&quot;autoplay&quot;:&quot;yes&quot;,&quot;autoplay_speed&quot;:5000,&quot;infinite&quot;:&quot;yes&quot;}\" data-widget_type=\"image-carousel.default\">\n\t\t\t\t\t\t\t<div class=\"elementor-image-carousel-wrapper swiper\" role=\"region\" aria-roledescription=\"carousel\" aria-label=\"Image Carousel\" dir=\"ltr\">\n\t\t\t<div class=\"elementor-image-carousel swiper-wrapper swiper-image-stretch\" aria-live=\"off\">\n\t\t\t\t\t\t\t\t<div class=\"swiper-slide\" role=\"group\" aria-roledescription=\"slide\" aria-label=\"1 of 1\"><figure class=\"swiper-slide-inner\"><img decoding=\"async\" class=\"swiper-slide-image\" src=\"https:\/\/inforgfilm.org\/wp-content\/uploads\/esemenyek-fejleckep-copy.jpg\" alt=\"esemenyek fejleckep copy\" \/><\/figure><\/div>\t\t\t<\/div>\n\t\t\t\t\t<\/div>\n\t\t\t\t\t\t<\/div>\n\t\t\t\t\t<\/div>\n\t\t<\/div>\n\t\t\t\t\t<\/div>\n\t\t<\/section>\n\t\t\t\t<section class=\"elementor-section elementor-top-section elementor-element elementor-element-6af3c61f elementor-section-boxed elementor-section-height-default elementor-section-height-default\" data-id=\"6af3c61f\" data-element_type=\"section\" data-e-type=\"section\">\n\t\t\t\t\t\t<div class=\"elementor-container elementor-column-gap-default\">\n\t\t\t\t\t<div class=\"elementor-column elementor-col-100 elementor-top-column elementor-element elementor-element-535fc30d\" data-id=\"535fc30d\" data-element_type=\"column\" data-e-type=\"column\">\n\t\t\t<div class=\"elementor-widget-wrap elementor-element-populated\">\n\t\t\t\t\t\t<section class=\"elementor-section elementor-inner-section elementor-element elementor-element-93da0fc elementor-section-boxed elementor-section-height-default elementor-section-height-default\" data-id=\"93da0fc\" data-element_type=\"section\" data-e-type=\"section\">\n\t\t\t\t\t\t<div class=\"elementor-container elementor-column-gap-default\">\n\t\t\t\t\t<div class=\"elementor-column elementor-col-100 elementor-inner-column elementor-element elementor-element-71d61e34\" data-id=\"71d61e34\" data-element_type=\"column\" data-e-type=\"column\">\n\t\t\t<div class=\"elementor-widget-wrap elementor-element-populated\">\n\t\t\t\t\t\t<div class=\"elementor-element elementor-element-3a67134 elementor-widget elementor-widget-text-editor\" data-id=\"3a67134\" data-element_type=\"widget\" data-e-type=\"widget\" data-widget_type=\"text-editor.default\">\n\t\t\t\t\t\t\t\t\t<p><span style=\"color: #a3a3a3;\">helysz\u00edn:<\/span> M\u0171v\u00e9szetMalom, Szentendre, Bogd\u00e1nyi u. 32.<\/p>\n<p><span style=\"font-family: var( --e-global-typography-text-font-family ), Sans-serif; font-weight: var( --e-global-typography-text-font-weight ); font-size: 1rem;\"><span style=\"color: #a3a3a3;\">A programok bel\u00e9p\u0151jeggyel l\u00e1togathat\u00f3ak.<\/span><\/span><\/p>\n<p><span style=\"color: #a3a3a3; font-family: var( --e-global-typography-text-font-family ), Sans-serif; font-weight: var( --e-global-typography-text-font-weight ); font-size: 1rem;\"><br \/>\nMEGNYIT\u00d3<\/span><\/p>\n<p>SZEPTEMBER 25. SZOMBAT, 18:00<\/p>\n<p>A ki\u00e1ll\u00edt\u00e1s hivatalos megnyit\u00f3ja.<\/p>\n<p>Ingyenes<\/p>\n<p><span style=\"color: #a3a3a3;\"><br \/>\nT\u00c1RLATVEZET\u00c9SEK<\/span><\/p>\n<p>SZEPTEMBER 26. VAS\u00c1RNAP, 16:00<br \/>\nT\u00e1rlatvezet\u00e9s Muhi Andr\u00e1ssal, az Inforg St\u00fadi\u00f3 producer\u00e9vel.<\/p>\n<p>OKT\u00d3BER 15. P\u00c9NTEK, 17:00<br \/>\nT\u00e1rlatvezet\u00e9s Muhi Andr\u00e1ssal, az Inforg St\u00fadi\u00f3 producer\u00e9vel.<\/p>\n<p>NOVEMBER 19. P\u00c9NTEK, 17:00<br \/>\nT\u00e1rlatvezet\u00e9s Muhi Andr\u00e1ssal, az Inforg St\u00fadi\u00f3 producer\u00e9vel.<\/p>\n<p>DECEMBER 10. P\u00c9NTEK, 17:00<br \/>\nT\u00e1rlatvezet\u00e9s Muhi Andr\u00e1ssal, az Inforg St\u00fadi\u00f3 producer\u00e9vel.<\/p>\n<p><span style=\"color: #a3a3a3;\"><br \/>\nCSAL\u00c1DI NAP<\/span><\/p>\n<p>NOVEMBER 21. VAS\u00c1RNAP, 10:00 \u2013 12:00<br \/>\nCsal\u00e1di nap \u00e9s t\u00e1rlatvezet\u00e9s az <em>\u201eA k\u00eds\u00e9rletez\u00e9s szabads\u00e1ga\u201d INFORG St\u00fadi\u00f3 2000-2010<\/em> c\u00edm\u0171 ki\u00e1ll\u00edt\u00e1son. A foglalkoz\u00e1s ideje alatt a feln\u0151tteknek t\u00e1rlatvezet\u00e9s Muhi Andr\u00e1ssal, az Inforg St\u00fadi\u00f3 producer\u00e9vel.<\/p>\n<p>Bel\u00e9p\u0151jegy: 500 Ft (7 \u00e9v alatti gyerek 1 k\u00eds\u00e9r\u0151j\u00e9nek ingyenes)<\/p>\n<p>A t\u00e1rlatvezet\u00e9s bel\u00e9p\u0151jeggyel l\u00e1togathat\u00f3.<\/p>\n<p><span style=\"color: #a3a3a3;\"><br \/>\nEGY\u00c9B PROGRAM<\/span><\/p>\n<p>OKT\u00d3BER 30. SZOMBAT, 15:00<br \/>\nMuhi Doktor rendel! Piccselj \u00e9s k\u00e9rdezz Muhi Andr\u00e1st\u00f3l az Inforg St\u00fadi\u00f3 producer\u00e9t\u0151l \u2013 azaz mutasd meg a forgat\u00f3k\u00f6nyved vagy csak k\u00e9rdezz a filmes vil\u00e1gr\u00f3l vagy ak\u00e1r a ki\u00e1ll\u00edt\u00e1sr\u00f3l mag\u00e1r\u00f3l.<\/p>\n<p>NOVEMBER 27. SZOMBAT, 15:00<br \/>\nMuhi Doktor rendel! Piccselj \u00e9s k\u00e9rdezz Muhi Andr\u00e1st\u00f3l az Inforg St\u00fadi\u00f3 producer\u00e9t\u0151l \u2013 azaz mutasd meg a forgat\u00f3k\u00f6nyved vagy csak k\u00e9rdezz a filmes vil\u00e1gr\u00f3l vagy ak\u00e1r a ki\u00e1ll\u00edt\u00e1sr\u00f3l mag\u00e1r\u00f3l.<\/p>\n<p>2022. JANU\u00c1R 9. VAS\u00c1RNAP<br \/>\nFINISSZ\u00c1ZS<br \/>\n<span style=\"color: #a3a3a3; font-family: var( --e-global-typography-text-font-family ), Sans-serif; font-size: 1rem; font-weight: var( --e-global-typography-text-font-weight );\"><br \/>\n<\/span><\/p>\n<p><span style=\"font-family: var( --e-global-typography-text-font-family ), Sans-serif; font-size: 1rem; font-weight: var( --e-global-typography-text-font-weight ); color: #a3a3a3;\">INFORG FILMKLUB<\/span><\/p>\n<p>FILMVET\u00cdT\u00c9S \u00c9S P\u00d3DIUMBESZ\u00c9LGET\u00c9S AZ ALKOT\u00d3KKAL<\/p>\n<p>Helysz\u00edn: P\u2019Art Mozi, Szentendre, Duna korz\u00f3 18.<\/p>\n<p>SZEPTEMBER 30. CS\u00dcT\u00d6RT\u00d6K, 18:00<\/p>\n<p>Dealer &#8211; magyar filmdr\u00e1ma (2004) Rendez\u0151: Fliegauf Bence<\/p>\n<p>OKT\u00d3BER 14. CS\u00dcT\u00d6RT\u00d6K, 18:00<\/p>\n<p>Mad\u00e1rszabad\u00edt\u00f3, felh\u0151, sz\u00e9l &#8211; j\u00e1t\u00e9kfilm (2006) Rendez\u0151: Szaladj\u00e1k Istv\u00e1n<\/p>\n<p>OKT\u00d3BER 28. CS\u00dcT\u00d6RT\u00d6K, 18:00<\/p>\n<p>Bahrtalo! &#8211; j\u00e1t\u00e9kfilm (2008) Rendez\u0151: Lakatos R\u00f3bert<\/p>\n<p>NOVEMBER 11. CS\u00dcT\u00d6RT\u00d6K, 18:00<\/p>\n<p>Fekete kefe &#8211; j\u00e1t\u00e9kfilm (2005) Rendez\u0151: Vranik Roland<\/p>\n<p>NOVEMBER 25. CS\u00dcT\u00d6RT\u00d6K, 18:00<\/p>\n<p>P\u00e1nik &#8211; magyar filmdr\u00e1ma (2008) Rendez\u0151: Till Attila<\/p>\n<p>DECEMBER 9. CS\u00dcT\u00d6RT\u00d6K, 18:00<\/p>\n<p>A vil\u00e1g nagy \u00e9s a megv\u00e1lt\u00e1s a sarkon \u00f3l\u00e1lkodik &#8211; bolg\u00e1r-n\u00e9met-szlov\u00e9n-magyar filmdr\u00e1ma (2008) Rendez\u0151: Stephan Komandarev<\/p>\n<p>DECEMBER 16. CS\u00dcT\u00d6RT\u00d6K, 18:00<\/p>\n<p>A f\u00e9ny \u00f6sv\u00e9nyei \u2013 magyar filmdr\u00e1ma (2005) Rendez\u0151: Misp\u00e1l Attila<\/p>\n<p>Jegy\u00e1r: 1200 Ft<\/p>\n<p>Tov\u00e1bbi inform\u00e1ci\u00f3k: www.muzeumicentrum.hu<\/p>\n<p>A programv\u00e1ltoztat\u00e1s jog\u00e1t fenntartjuk!<\/p>\n\t\t\t\t\t\t\t\t<\/div>\n\t\t\t\t\t<\/div>\n\t\t<\/div>\n\t\t\t\t\t<\/div>\n\t\t<\/section>\n\t\t\t\t\t<\/div>\n\t\t<\/div>\n\t\t\t\t\t<\/div>\n\t\t<\/section>\n\t\t\t\t<\/div>\n\t\t","protected":false},"excerpt":{"rendered":"<p>helysz\u00edn: M\u0171v\u00e9szetMalom, Szentendre, Bogd\u00e1nyi u. 32. A programok bel\u00e9p\u0151jeggyel l\u00e1togathat\u00f3ak. MEGNYIT\u00d3 SZEPTEMBER 25. SZOMBAT, 18:00 A ki\u00e1ll\u00edt\u00e1s hivatalos megnyit\u00f3ja. Ingyenes T\u00c1RLATVEZET\u00c9SEK SZEPTEMBER 26. VAS\u00c1RNAP, 16:00 T\u00e1rlatvezet\u00e9s Muhi Andr\u00e1ssal, az Inforg St\u00fadi\u00f3 producer\u00e9vel. OKT\u00d3BER 15. P\u00c9NTEK, 17:00 T\u00e1rlatvezet\u00e9s Muhi Andr\u00e1ssal, az Inforg St\u00fadi\u00f3 producer\u00e9vel. NOVEMBER 19. P\u00c9NTEK, 17:00 T\u00e1rlatvezet\u00e9s Muhi Andr\u00e1ssal, az Inforg St\u00fadi\u00f3 producer\u00e9vel. DECEMBER [&hellip;]<\/p>\n","protected":false},"author":1,"featured_media":0,"parent":0,"menu_order":0,"comment_status":"closed","ping_status":"closed","template":"","meta":{"_acf_changed":false,"footnotes":""},"class_list":["post-5499","page","type-page","status-publish","hentry"],"acf":[],"_links":{"self":[{"href":"https:\/\/inforgfilm.org\/en\/wp-json\/wp\/v2\/pages\/5499","targetHints":{"allow":["GET"]}}],"collection":[{"href":"https:\/\/inforgfilm.org\/en\/wp-json\/wp\/v2\/pages"}],"about":[{"href":"https:\/\/inforgfilm.org\/en\/wp-json\/wp\/v2\/types\/page"}],"author":[{"embeddable":true,"href":"https:\/\/inforgfilm.org\/en\/wp-json\/wp\/v2\/users\/1"}],"replies":[{"embeddable":true,"href":"https:\/\/inforgfilm.org\/en\/wp-json\/wp\/v2\/comments?post=5499"}],"version-history":[{"count":5,"href":"https:\/\/inforgfilm.org\/en\/wp-json\/wp\/v2\/pages\/5499\/revisions"}],"predecessor-version":[{"id":6359,"href":"https:\/\/inforgfilm.org\/en\/wp-json\/wp\/v2\/pages\/5499\/revisions\/6359"}],"wp:attachment":[{"href":"https:\/\/inforgfilm.org\/en\/wp-json\/wp\/v2\/media?parent=5499"}],"curies":[{"name":"wp","href":"https:\/\/api.w.org\/{rel}","templated":true}]}}